{"id":896,"date":"2023-05-29T08:19:24","date_gmt":"2023-05-29T08:19:24","guid":{"rendered":"https:\/\/jm-valu.fi\/?post_type=product&#038;p=896"},"modified":"2025-01-31T15:51:25","modified_gmt":"2025-01-31T15:51:25","slug":"kierreholkki-putkiliitokseen","status":"publish","type":"product","link":"https:\/\/jm-valu.fi\/sv\/produkt\/gangad-hylsa-for-roranslutning\/","title":{"rendered":"G\u00e4ngad hylsa f\u00f6r r\u00f6ranslutning"},"content":{"rendered":"","protected":false},"excerpt":{"rendered":"<p>Andra produkter. G\u00e4ngad hylsa f\u00f6r r\u00f6ranslutning<\/p>","protected":false},"featured_media":1126,"template":"","meta":{"_acf_changed":false,"inline_featured_image":false},"product_brand":[],"product_cat":[22],"product_tag":[69],"class_list":{"0":"post-896","1":"product","2":"type-product","3":"status-publish","4":"has-post-thumbnail","6":"product_cat-muut-tuotteet","7":"product_tag-kierreholkki-putkiliitokseen","9":"first","10":"instock","11":"shipping-taxable","12":"purchasable","13":"product-type-simple"},"acf":[],"_links":{"self":[{"href":"https:\/\/jm-valu.fi\/sv\/wp-json\/wp\/v2\/product\/896","targetHints":{"allow":["GET"]}}],"collection":[{"href":"https:\/\/jm-valu.fi\/sv\/wp-json\/wp\/v2\/product"}],"about":[{"href":"https:\/\/jm-valu.fi\/sv\/wp-json\/wp\/v2\/types\/product"}],"wp:featuredmedia":[{"embeddable":true,"href":"https:\/\/jm-valu.fi\/sv\/wp-json\/wp\/v2\/media\/1126"}],"wp:attachment":[{"href":"https:\/\/jm-valu.fi\/sv\/wp-json\/wp\/v2\/media?parent=896"}],"wp:term":[{"taxonomy":"product_brand","embeddable":true,"href":"https:\/\/jm-valu.fi\/sv\/wp-json\/wp\/v2\/product_brand?post=896"},{"taxonomy":"product_cat","embeddable":true,"href":"https:\/\/jm-valu.fi\/sv\/wp-json\/wp\/v2\/product_cat?post=896"},{"taxonomy":"product_tag","embeddable":true,"href":"https:\/\/jm-valu.fi\/sv\/wp-json\/wp\/v2\/product_tag?post=896"}],"curies":[{"name":"wp","href":"https:\/\/api.w.org\/{rel}","templated":true}]}}