{"id":883,"date":"2023-05-29T08:13:18","date_gmt":"2023-05-29T08:13:18","guid":{"rendered":"https:\/\/jm-valu.fi\/?post_type=product&#038;p=883"},"modified":"2025-01-31T15:35:41","modified_gmt":"2025-01-31T15:35:41","slug":"messinkinen-storz-c-sisakierteella-r2-%c2%bd","status":"publish","type":"product","link":"https:\/\/jm-valu.fi\/sv\/produkt\/massing-storz-c-med-invandig-ganga-r2-\u00bd\/","title":{"rendered":"M\u00e4ssing Storz-C med inv\u00e4ndig g\u00e4nga R2 \u00bd\u201d"},"content":{"rendered":"<p><strong>V\u00e5ra brandarmaturer \u00e4r gjorda av h\u00f6gkvalitativ hush\u00e5llsaluminium eller zinkf\u00f6rlustbest\u00e4ndig m\u00e4ssing.<\/strong><\/p>","protected":false},"excerpt":{"rendered":"<p>M\u00e4ssing Storz-C med inv\u00e4ndig g\u00e4nga R2 \u00bd\u201d<\/p>","protected":false},"featured_media":1325,"template":"","meta":{"_acf_changed":false,"inline_featured_image":false},"product_brand":[],"product_cat":[21],"product_tag":[106],"class_list":{"0":"post-883","1":"product","2":"type-product","3":"status-publish","4":"has-post-thumbnail","6":"product_cat-storz-liittimet","7":"product_tag-messinkinen-storz-c-sisakierteella-r2-","9":"first","10":"instock","11":"shipping-taxable","12":"purchasable","13":"product-type-simple"},"acf":[],"_links":{"self":[{"href":"https:\/\/jm-valu.fi\/sv\/wp-json\/wp\/v2\/product\/883","targetHints":{"allow":["GET"]}}],"collection":[{"href":"https:\/\/jm-valu.fi\/sv\/wp-json\/wp\/v2\/product"}],"about":[{"href":"https:\/\/jm-valu.fi\/sv\/wp-json\/wp\/v2\/types\/product"}],"wp:featuredmedia":[{"embeddable":true,"href":"https:\/\/jm-valu.fi\/sv\/wp-json\/wp\/v2\/media\/1325"}],"wp:attachment":[{"href":"https:\/\/jm-valu.fi\/sv\/wp-json\/wp\/v2\/media?parent=883"}],"wp:term":[{"taxonomy":"product_brand","embeddable":true,"href":"https:\/\/jm-valu.fi\/sv\/wp-json\/wp\/v2\/product_brand?post=883"},{"taxonomy":"product_cat","embeddable":true,"href":"https:\/\/jm-valu.fi\/sv\/wp-json\/wp\/v2\/product_cat?post=883"},{"taxonomy":"product_tag","embeddable":true,"href":"https:\/\/jm-valu.fi\/sv\/wp-json\/wp\/v2\/product_tag?post=883"}],"curies":[{"name":"wp","href":"https:\/\/api.w.org\/{rel}","templated":true}]}}