{"id":881,"date":"2023-05-29T08:12:22","date_gmt":"2023-05-29T08:12:22","guid":{"rendered":"https:\/\/jm-valu.fi\/?post_type=product&#038;p=881"},"modified":"2025-01-31T15:37:08","modified_gmt":"2025-01-31T15:37:08","slug":"messinkinen-storz-c-sisakierteella-r1","status":"publish","type":"product","link":"https:\/\/jm-valu.fi\/sv\/produkt\/massing-storz-c-med-invandig-ganga-r1\/","title":{"rendered":"M\u00e4ssing Storz-C med inv\u00e4ndig g\u00e4nga R1&quot;"},"content":{"rendered":"<p><strong>V\u00e5ra brandarmaturer \u00e4r gjorda av h\u00f6gkvalitativ hush\u00e5llsaluminium eller zinkf\u00f6rlustbest\u00e4ndig m\u00e4ssing.<\/strong><\/p>","protected":false},"excerpt":{"rendered":"<p>M\u00e4ssing Storz-C med inv\u00e4ndig g\u00e4nga R1&quot;<\/p>","protected":false},"featured_media":1326,"template":"","meta":{"_acf_changed":false,"inline_featured_image":false},"product_brand":[],"product_cat":[21],"product_tag":[104],"class_list":{"0":"post-881","1":"product","2":"type-product","3":"status-publish","4":"has-post-thumbnail","6":"product_cat-storz-liittimet","7":"product_tag-messinkinen-storz-c-sisakierteella-r1","9":"first","10":"instock","11":"shipping-taxable","12":"purchasable","13":"product-type-simple"},"acf":[],"_links":{"self":[{"href":"https:\/\/jm-valu.fi\/sv\/wp-json\/wp\/v2\/product\/881","targetHints":{"allow":["GET"]}}],"collection":[{"href":"https:\/\/jm-valu.fi\/sv\/wp-json\/wp\/v2\/product"}],"about":[{"href":"https:\/\/jm-valu.fi\/sv\/wp-json\/wp\/v2\/types\/product"}],"wp:featuredmedia":[{"embeddable":true,"href":"https:\/\/jm-valu.fi\/sv\/wp-json\/wp\/v2\/media\/1326"}],"wp:attachment":[{"href":"https:\/\/jm-valu.fi\/sv\/wp-json\/wp\/v2\/media?parent=881"}],"wp:term":[{"taxonomy":"product_brand","embeddable":true,"href":"https:\/\/jm-valu.fi\/sv\/wp-json\/wp\/v2\/product_brand?post=881"},{"taxonomy":"product_cat","embeddable":true,"href":"https:\/\/jm-valu.fi\/sv\/wp-json\/wp\/v2\/product_cat?post=881"},{"taxonomy":"product_tag","embeddable":true,"href":"https:\/\/jm-valu.fi\/sv\/wp-json\/wp\/v2\/product_tag?post=881"}],"curies":[{"name":"wp","href":"https:\/\/api.w.org\/{rel}","templated":true}]}}