{"id":873,"date":"2023-05-29T08:09:17","date_gmt":"2023-05-29T08:09:17","guid":{"rendered":"https:\/\/jm-valu.fi\/?post_type=product&#038;p=873"},"modified":"2025-01-31T15:43:06","modified_gmt":"2025-01-31T15:43:06","slug":"alumiinilaippa-messinkikeskiolla-dn25","status":"publish","type":"product","link":"https:\/\/jm-valu.fi\/sv\/produkt\/aluminiumflans-med-massingscentrum-dn25\/","title":{"rendered":"Aluminiumfl\u00e4ns med m\u00e4ssingscentrum DN25"},"content":{"rendered":"<p>Dimensionerna p\u00e5 aluminiumfl\u00e4nsen med m\u00e4ssingskrage \u00e4r kompatibla med standarden EN 1092-1\/02.<\/p>","protected":false},"excerpt":{"rendered":"<p>Aluminiumfl\u00e4ns med m\u00e4ssingscentrum DN25<\/p>","protected":false},"featured_media":1773,"template":"","meta":{"_acf_changed":false,"inline_featured_image":false},"product_brand":[],"product_cat":[20],"product_tag":[78],"class_list":{"0":"post-873","1":"product","2":"type-product","3":"status-publish","4":"has-post-thumbnail","6":"product_cat-alumiinilaipat-messinkikeskiolla","7":"product_tag-alumiinilaippa-messinkikeskiolla-dn25","9":"first","10":"instock","11":"shipping-taxable","12":"purchasable","13":"product-type-simple"},"acf":[],"_links":{"self":[{"href":"https:\/\/jm-valu.fi\/sv\/wp-json\/wp\/v2\/product\/873","targetHints":{"allow":["GET"]}}],"collection":[{"href":"https:\/\/jm-valu.fi\/sv\/wp-json\/wp\/v2\/product"}],"about":[{"href":"https:\/\/jm-valu.fi\/sv\/wp-json\/wp\/v2\/types\/product"}],"wp:featuredmedia":[{"embeddable":true,"href":"https:\/\/jm-valu.fi\/sv\/wp-json\/wp\/v2\/media\/1773"}],"wp:attachment":[{"href":"https:\/\/jm-valu.fi\/sv\/wp-json\/wp\/v2\/media?parent=873"}],"wp:term":[{"taxonomy":"product_brand","embeddable":true,"href":"https:\/\/jm-valu.fi\/sv\/wp-json\/wp\/v2\/product_brand?post=873"},{"taxonomy":"product_cat","embeddable":true,"href":"https:\/\/jm-valu.fi\/sv\/wp-json\/wp\/v2\/product_cat?post=873"},{"taxonomy":"product_tag","embeddable":true,"href":"https:\/\/jm-valu.fi\/sv\/wp-json\/wp\/v2\/product_tag?post=873"}],"curies":[{"name":"wp","href":"https:\/\/api.w.org\/{rel}","templated":true}]}}