{"id":849,"date":"2023-05-29T07:57:09","date_gmt":"2023-05-29T07:57:09","guid":{"rendered":"https:\/\/jm-valu.fi\/?post_type=product&#038;p=849"},"modified":"2025-01-31T15:07:51","modified_gmt":"2025-01-31T15:07:51","slug":"sulkuliitin-a-a","status":"publish","type":"product","link":"https:\/\/jm-valu.fi\/sv\/produkt\/stangning-av-terminal-aa\/","title":{"rendered":"St\u00e4ngande plint AA"},"content":{"rendered":"<p>Avst\u00e4ngningskontakten \u00e4r avsedd f\u00f6r att st\u00e4nga ledningen och begr\u00e4nsa fl\u00f6det. V\u00e5ra avst\u00e4ngningsarmaturer \u00e4r utrustade med en skjutventil i m\u00e4ssing. V\u00e5ra st\u00e4ngningskontakter finns \u00e4ven med m\u00e4ssingskopplingar.<\/p>\n<p><strong>Alla JM-Valus brandarmaturer finns omg\u00e5ende tillg\u00e4ngliga som lagerprodukter. Leveranser \u00e4ven samma dag.<\/strong><\/p>","protected":false},"excerpt":{"rendered":"<p>Brandbeslag i hemmet. St\u00e4ngande plint AA<\/p>","protected":false},"featured_media":1293,"template":"","meta":{"_acf_changed":false,"inline_featured_image":false},"product_brand":[],"product_cat":[18,40],"product_tag":[211],"class_list":{"0":"post-849","1":"product","2":"type-product","3":"status-publish","4":"has-post-thumbnail","6":"product_cat-suomalaiset-paloliittimet-sfs","7":"product_cat-sulkuliittimet","8":"product_tag-sulkuliitin-a-a","10":"first","11":"instock","12":"shipping-taxable","13":"purchasable","14":"product-type-simple"},"acf":[],"_links":{"self":[{"href":"https:\/\/jm-valu.fi\/sv\/wp-json\/wp\/v2\/product\/849","targetHints":{"allow":["GET"]}}],"collection":[{"href":"https:\/\/jm-valu.fi\/sv\/wp-json\/wp\/v2\/product"}],"about":[{"href":"https:\/\/jm-valu.fi\/sv\/wp-json\/wp\/v2\/types\/product"}],"wp:featuredmedia":[{"embeddable":true,"href":"https:\/\/jm-valu.fi\/sv\/wp-json\/wp\/v2\/media\/1293"}],"wp:attachment":[{"href":"https:\/\/jm-valu.fi\/sv\/wp-json\/wp\/v2\/media?parent=849"}],"wp:term":[{"taxonomy":"product_brand","embeddable":true,"href":"https:\/\/jm-valu.fi\/sv\/wp-json\/wp\/v2\/product_brand?post=849"},{"taxonomy":"product_cat","embeddable":true,"href":"https:\/\/jm-valu.fi\/sv\/wp-json\/wp\/v2\/product_cat?post=849"},{"taxonomy":"product_tag","embeddable":true,"href":"https:\/\/jm-valu.fi\/sv\/wp-json\/wp\/v2\/product_tag?post=849"}],"curies":[{"name":"wp","href":"https:\/\/api.w.org\/{rel}","templated":true}]}}