{"id":840,"date":"2023-05-29T07:29:47","date_gmt":"2023-05-29T07:29:47","guid":{"rendered":"https:\/\/jm-valu.fi\/?post_type=product&#038;p=840"},"modified":"2025-01-31T14:54:19","modified_gmt":"2025-01-31T14:54:19","slug":"metsapaloliitin-a-a-c-4-4-2","status":"publish","type":"product","link":"https:\/\/jm-valu.fi\/sv\/produkt\/skogsbrandkontakt-aac-4-4-2\/","title":{"rendered":"Skogsbrandkontakt AA\/C (4&quot;-4&quot;\/2&quot;)"},"content":{"rendered":"<p>Skogsbrandanslutningar \u00e4r avsedda f\u00f6r f\u00f6rgrening av stamledningar. Skogsbrandarmaturer finns med b\u00e5de skjutventil och kulventil. Skogsbrandkontakter finns i tv\u00e5 olika ramstorlekar.<\/p>\n<p><strong>Alla JM-Valus brandarmaturer finns omg\u00e5ende tillg\u00e4ngliga som lagerprodukter. Leveranser \u00e4ven samma dag.<\/strong><\/p>","protected":false},"excerpt":{"rendered":"<p>Brandbeslag i hemmet. Skogsbrandkontakt AA\/C (4&quot;-4&quot;\/2&quot;)<\/p>","protected":false},"featured_media":1245,"template":"","meta":{"_acf_changed":false,"inline_featured_image":false},"product_brand":[],"product_cat":[18,38],"product_tag":[194],"class_list":{"0":"post-840","1":"product","2":"type-product","3":"status-publish","4":"has-post-thumbnail","6":"product_cat-suomalaiset-paloliittimet-sfs","7":"product_cat-metsapaloliittimet","8":"product_tag-metsapaloliitin-a-a-c-4-4-2","10":"first","11":"instock","12":"shipping-taxable","13":"purchasable","14":"product-type-simple"},"acf":[],"_links":{"self":[{"href":"https:\/\/jm-valu.fi\/sv\/wp-json\/wp\/v2\/product\/840","targetHints":{"allow":["GET"]}}],"collection":[{"href":"https:\/\/jm-valu.fi\/sv\/wp-json\/wp\/v2\/product"}],"about":[{"href":"https:\/\/jm-valu.fi\/sv\/wp-json\/wp\/v2\/types\/product"}],"wp:featuredmedia":[{"embeddable":true,"href":"https:\/\/jm-valu.fi\/sv\/wp-json\/wp\/v2\/media\/1245"}],"wp:attachment":[{"href":"https:\/\/jm-valu.fi\/sv\/wp-json\/wp\/v2\/media?parent=840"}],"wp:term":[{"taxonomy":"product_brand","embeddable":true,"href":"https:\/\/jm-valu.fi\/sv\/wp-json\/wp\/v2\/product_brand?post=840"},{"taxonomy":"product_cat","embeddable":true,"href":"https:\/\/jm-valu.fi\/sv\/wp-json\/wp\/v2\/product_cat?post=840"},{"taxonomy":"product_tag","embeddable":true,"href":"https:\/\/jm-valu.fi\/sv\/wp-json\/wp\/v2\/product_tag?post=840"}],"curies":[{"name":"wp","href":"https:\/\/api.w.org\/{rel}","templated":true}]}}