{"id":830,"date":"2023-05-29T07:24:23","date_gmt":"2023-05-29T07:24:23","guid":{"rendered":"https:\/\/jm-valu.fi\/?post_type=product&#038;p=830"},"modified":"2025-01-31T15:02:07","modified_gmt":"2025-01-31T15:02:07","slug":"alumiininen-kierteellinen-letkuliitin-karalla-r2-x-32-mm","status":"publish","type":"product","link":"https:\/\/jm-valu.fi\/sv\/produkt\/aluminiumgangad-slangkoppling-med-spindel-r2-x-38-mm-2\/","title":{"rendered":"Aluminiumg\u00e4ngad slangkoppling med spindel R2&quot; x 32 mm"},"content":{"rendered":"<p>Den vridbara slanganslutningen har en vridbar slanghals och en tv\u00e5-tums inv\u00e4ndig g\u00e4nga. Kopplingen \u00e4r utm\u00e4rkt f\u00f6r pumpar, eftersom kopplingen \u00e4r l\u00e4tt att ta bort och f\u00e4sta medan slangen \u00e4r f\u00e4st i kopplingen.<\/p>\n<p><strong>Alla JM-Valus brandarmaturer finns omg\u00e5ende tillg\u00e4ngliga som lagerprodukter. Leveranser \u00e4ven samma dag.<\/strong><\/p>","protected":false},"excerpt":{"rendered":"<p>Brandbeslag i hemmet. Aluminiumg\u00e4ngad slangkoppling med spindel R2&quot; x 38 mm<\/p>","protected":false},"featured_media":1286,"template":"","meta":{"_acf_changed":false,"inline_featured_image":false},"product_brand":[],"product_cat":[18,37],"product_tag":[197],"class_list":{"0":"post-830","1":"product","2":"type-product","3":"status-publish","4":"has-post-thumbnail","6":"product_cat-suomalaiset-paloliittimet-sfs","7":"product_cat-pyorivat-kierteelliset-letkuliittimet-karalla","8":"product_tag-alumiininen-kierteellinen-letkuliitin-karalla-r2-x-32-mm","10":"first","11":"instock","12":"shipping-taxable","13":"purchasable","14":"product-type-simple"},"acf":[],"_links":{"self":[{"href":"https:\/\/jm-valu.fi\/sv\/wp-json\/wp\/v2\/product\/830","targetHints":{"allow":["GET"]}}],"collection":[{"href":"https:\/\/jm-valu.fi\/sv\/wp-json\/wp\/v2\/product"}],"about":[{"href":"https:\/\/jm-valu.fi\/sv\/wp-json\/wp\/v2\/types\/product"}],"wp:featuredmedia":[{"embeddable":true,"href":"https:\/\/jm-valu.fi\/sv\/wp-json\/wp\/v2\/media\/1286"}],"wp:attachment":[{"href":"https:\/\/jm-valu.fi\/sv\/wp-json\/wp\/v2\/media?parent=830"}],"wp:term":[{"taxonomy":"product_brand","embeddable":true,"href":"https:\/\/jm-valu.fi\/sv\/wp-json\/wp\/v2\/product_brand?post=830"},{"taxonomy":"product_cat","embeddable":true,"href":"https:\/\/jm-valu.fi\/sv\/wp-json\/wp\/v2\/product_cat?post=830"},{"taxonomy":"product_tag","embeddable":true,"href":"https:\/\/jm-valu.fi\/sv\/wp-json\/wp\/v2\/product_tag?post=830"}],"curies":[{"name":"wp","href":"https:\/\/api.w.org\/{rel}","templated":true}]}}