{"id":812,"date":"2023-05-29T07:13:30","date_gmt":"2023-05-29T07:13:30","guid":{"rendered":"https:\/\/jm-valu.fi\/?post_type=product&#038;p=812"},"modified":"2025-09-02T08:41:07","modified_gmt":"2025-09-02T08:41:07","slug":"alumiininen-paloliitin-letkukaralla-dn80-x-76-mm","status":"publish","type":"product","link":"https:\/\/jm-valu.fi\/sv\/produkt\/brandkontakt-i-aluminium-med-slangvinda-dn80-x-76-mm\/","title":{"rendered":"Brandkontakt i aluminium med slangvinda DN80 x 76 mm"},"content":{"rendered":"<p>Det finns tre olika nominella storlekar av brandanslutningar f\u00f6r hemmet. I tv\u00e5-tums klo-till-spik slangkopplingar \u00e4r slanghalsen fixerad. \u00c5 andra sidan, i slanganslutningar med tre och fyra tum mellan klorna, \u00e4r slanghalsen och klodelen separata, s\u00e5 slanghalsen \u00e4r vridbar. Slangkopplingar med tre och fyra tums kloavst\u00e5nd \u00e4r utrustade med ett handtag f\u00f6r enkel anv\u00e4ndning.<\/p>\n<p>Vi har \u00e4gnat s\u00e4rskild uppm\u00e4rksamhet \u00e5t kristallstrukturen i v\u00e5ra brandanslutningar. Tack vare den gjutmetod\/formteknik vi sj\u00e4lva utvecklat kan kristallstrukturen p\u00e5 v\u00e5ra produkter modifieras s\u00e5 att v\u00e5ra produkter \u00e4r riktigt sega och h\u00e5llbara och d\u00e4rf\u00f6r ocks\u00e5 mycket s\u00e4kra att anv\u00e4nda. I VTT:s test har v\u00e5ra brandarmaturer klarat 75 bars tryck oskadade och fortfarande l\u00e4ckfria.<\/p>\n<p>V\u00e5ra brandarmaturer har testats av VTT Expert Services Oy i enlighet med punkt F7 i standarden SFS-EN 671-1 (VTT-S-05218-15). De \u00e4r gjorda av h\u00f6gkvalitativt inhemskt aluminium eller zinkf\u00f6rlustbest\u00e4ndig m\u00e4ssing.<\/p>\n<p><strong>Alla JM-Valus brandarmaturer finns omg\u00e5ende tillg\u00e4ngliga som lagerprodukter. Leveranser \u00e4ven samma dag.<\/strong><\/p>\n<figure id=\"attachment_2599\" aria-describedby=\"caption-attachment-2599\" style=\"width: 81px\" class=\"wp-caption alignnone\"><a href=\"https:\/\/jm-valu.fi\/wp-content\/uploads\/2025\/09\/dn80-letkuliitin-76mm-al.pdf\" target=\"_blank\" rel=\"noopener\"><img decoding=\"async\" class=\"wp-image-2599 size-full\" src=\"https:\/\/jm-valu.fi\/wp-content\/uploads\/2023\/05\/laitekortti_jm-valuoy.png\" alt=\"\" width=\"81\" height=\"100\" title=\"\" srcset=\"https:\/\/jm-valu.fi\/wp-content\/uploads\/2023\/05\/laitekortti_jm-valuoy.png 81w, https:\/\/jm-valu.fi\/wp-content\/uploads\/2023\/05\/laitekortti_jm-valuoy-10x12.png 10w\" sizes=\"(max-width: 81px) 100vw, 81px\" \/><\/a><figcaption id=\"caption-attachment-2599\" class=\"wp-caption-text\">H\u00c5RDVARUKORT<\/figcaption><\/figure>","protected":false},"excerpt":{"rendered":"<p>Brandbeslag i hemmet. Brandkontakt i aluminium med slangvinda DN80 x 76 mm<\/p>","protected":false},"featured_media":1192,"template":"","meta":{"_acf_changed":false,"inline_featured_image":false},"product_brand":[],"product_cat":[18,33],"product_tag":[174],"class_list":{"0":"post-812","1":"product","2":"type-product","3":"status-publish","4":"has-post-thumbnail","6":"product_cat-suomalaiset-paloliittimet-sfs","7":"product_cat-alumiiniset-paloliittimet-letkukaralla","8":"product_tag-alumiininen-paloliitin-letkukaralla-dn80-x-76-mm","10":"first","11":"instock","12":"shipping-taxable","13":"purchasable","14":"product-type-simple"},"acf":[],"_links":{"self":[{"href":"https:\/\/jm-valu.fi\/sv\/wp-json\/wp\/v2\/product\/812","targetHints":{"allow":["GET"]}}],"collection":[{"href":"https:\/\/jm-valu.fi\/sv\/wp-json\/wp\/v2\/product"}],"about":[{"href":"https:\/\/jm-valu.fi\/sv\/wp-json\/wp\/v2\/types\/product"}],"wp:featuredmedia":[{"embeddable":true,"href":"https:\/\/jm-valu.fi\/sv\/wp-json\/wp\/v2\/media\/1192"}],"wp:attachment":[{"href":"https:\/\/jm-valu.fi\/sv\/wp-json\/wp\/v2\/media?parent=812"}],"wp:term":[{"taxonomy":"product_brand","embeddable":true,"href":"https:\/\/jm-valu.fi\/sv\/wp-json\/wp\/v2\/product_brand?post=812"},{"taxonomy":"product_cat","embeddable":true,"href":"https:\/\/jm-valu.fi\/sv\/wp-json\/wp\/v2\/product_cat?post=812"},{"taxonomy":"product_tag","embeddable":true,"href":"https:\/\/jm-valu.fi\/sv\/wp-json\/wp\/v2\/product_tag?post=812"}],"curies":[{"name":"wp","href":"https:\/\/api.w.org\/{rel}","templated":true}]}}