{"id":799,"date":"2023-05-29T07:03:34","date_gmt":"2023-05-29T07:03:34","guid":{"rendered":"https:\/\/jm-valu.fi\/?post_type=product&#038;p=799"},"modified":"2025-12-18T12:33:45","modified_gmt":"2025-12-18T12:33:45","slug":"messinkinen-paloliittimen-kansi-dn50","status":"publish","type":"product","link":"https:\/\/jm-valu.fi\/sv\/produkt\/massing-brandkontakt-lock-dn50\/","title":{"rendered":"Brandkontaktlock i m\u00e4ssing DN50"},"content":{"rendered":"<p>Finns \u00e4ven med kedja.<\/p>\n<p>Brandanslutningsskydd har U-handtag, s\u00e5 de \u00e4r l\u00e4tta att anv\u00e4nda. Locken kan l\u00e5sas med ett l\u00e5sj\u00e4rn, eller med det lockl\u00e5s vi tagit fram. Vid behov kan k\u00e5porna \u00e4ven f\u00f6rses med en kedja.<\/p>\n<p>Vi har \u00e4gnat s\u00e4rskild uppm\u00e4rksamhet \u00e5t kristallstrukturen i v\u00e5ra brandanslutningar. Tack vare den gjutmetod\/formteknik vi sj\u00e4lva utvecklat kan kristallstrukturen p\u00e5 v\u00e5ra produkter modifieras s\u00e5 att v\u00e5ra produkter \u00e4r riktigt sega och h\u00e5llbara och d\u00e4rf\u00f6r ocks\u00e5 mycket s\u00e4kra att anv\u00e4nda. I VTT:s test har v\u00e5ra brandarmaturer klarat 75 bars tryck oskadade och fortfarande l\u00e4ckfria.<\/p>\n<p>V\u00e5ra brandarmaturer har testats av VTT Expert Services Oy i enlighet med punkt F7 i standarden SFS-EN 671-1 (VTT-S-05218-15). De \u00e4r gjorda av h\u00f6gkvalitativt inhemskt aluminium eller zinkf\u00f6rlustbest\u00e4ndig m\u00e4ssing.<\/p>\n<p>Alla JM-Valus brandarmaturer finns omg\u00e5ende tillg\u00e4ngliga som lagerprodukter. Leveranser \u00e4ven samma dag.<\/p>\n<figure id=\"attachment_2599\" aria-describedby=\"caption-attachment-2599\" style=\"width: 81px\" class=\"wp-caption alignnone\"><a href=\"https:\/\/jm-valu.fi\/wp-content\/uploads\/2025\/09\/kansi-dn50-ms.pdf\" target=\"_blank\" rel=\"noopener\"><img decoding=\"async\" class=\"wp-image-2599 size-full\" src=\"https:\/\/jm-valu.fi\/wp-content\/uploads\/2023\/05\/laitekortti_jm-valuoy.png\" alt=\"\" width=\"81\" height=\"100\" title=\"\" srcset=\"https:\/\/jm-valu.fi\/wp-content\/uploads\/2023\/05\/laitekortti_jm-valuoy.png 81w, https:\/\/jm-valu.fi\/wp-content\/uploads\/2023\/05\/laitekortti_jm-valuoy-10x12.png 10w\" sizes=\"(max-width: 81px) 100vw, 81px\" \/><\/a><figcaption id=\"caption-attachment-2599\" class=\"wp-caption-text\">DATABLAD<\/figcaption><\/figure>","protected":false},"excerpt":{"rendered":"<p>Brandbeslag i hemmet. Brandkontaktlock i m\u00e4ssing DN100<\/p>","protected":false},"featured_media":1241,"template":"","meta":{"_acf_changed":false,"inline_featured_image":false},"product_brand":[],"product_cat":[18,32],"product_tag":[163],"class_list":{"0":"post-799","1":"product","2":"type-product","3":"status-publish","4":"has-post-thumbnail","6":"product_cat-suomalaiset-paloliittimet-sfs","7":"product_cat-messinkiset-paloliittimien-kannet","8":"product_tag-messinkinen-paloliittimen-kansi-dn50","10":"first","11":"instock","12":"shipping-taxable","13":"purchasable","14":"product-type-simple"},"acf":[],"_links":{"self":[{"href":"https:\/\/jm-valu.fi\/sv\/wp-json\/wp\/v2\/product\/799","targetHints":{"allow":["GET"]}}],"collection":[{"href":"https:\/\/jm-valu.fi\/sv\/wp-json\/wp\/v2\/product"}],"about":[{"href":"https:\/\/jm-valu.fi\/sv\/wp-json\/wp\/v2\/types\/product"}],"wp:featuredmedia":[{"embeddable":true,"href":"https:\/\/jm-valu.fi\/sv\/wp-json\/wp\/v2\/media\/1241"}],"wp:attachment":[{"href":"https:\/\/jm-valu.fi\/sv\/wp-json\/wp\/v2\/media?parent=799"}],"wp:term":[{"taxonomy":"product_brand","embeddable":true,"href":"https:\/\/jm-valu.fi\/sv\/wp-json\/wp\/v2\/product_brand?post=799"},{"taxonomy":"product_cat","embeddable":true,"href":"https:\/\/jm-valu.fi\/sv\/wp-json\/wp\/v2\/product_cat?post=799"},{"taxonomy":"product_tag","embeddable":true,"href":"https:\/\/jm-valu.fi\/sv\/wp-json\/wp\/v2\/product_tag?post=799"}],"curies":[{"name":"wp","href":"https:\/\/api.w.org\/{rel}","templated":true}]}}