{"id":797,"date":"2023-05-29T07:02:24","date_gmt":"2023-05-29T07:02:24","guid":{"rendered":"https:\/\/jm-valu.fi\/?post_type=product&#038;p=797"},"modified":"2025-01-31T14:21:09","modified_gmt":"2025-01-31T14:21:09","slug":"alumiininen-paloliittimen-kansi-dn80-pyoriva","status":"publish","type":"product","link":"https:\/\/jm-valu.fi\/sv\/produkt\/aluminium-brandkontakt-lock-dn80-pyoriva\/","title":{"rendered":"Brandkontaktlock i aluminium DN80 (roterande)"},"content":{"rendered":"<p>Vi har \u00e4gnat s\u00e4rskild uppm\u00e4rksamhet \u00e5t kristallstrukturen i v\u00e5ra brandanslutningar. Tack vare den gjutmetod\/formteknik vi sj\u00e4lva utvecklat kan kristallstrukturen p\u00e5 v\u00e5ra produkter modifieras s\u00e5 att v\u00e5ra produkter \u00e4r riktigt sega och h\u00e5llbara och d\u00e4rf\u00f6r ocks\u00e5 mycket s\u00e4kra att anv\u00e4nda. I VTT:s test har v\u00e5ra brandarmaturer klarat 75 bars tryck oskadade och fortfarande l\u00e4ckfria.<\/p>\n<p>V\u00e5ra brandarmaturer har testats av VTT Expert Services Oy i enlighet med punkt F7 i standarden SFS-EN 671-1 (VTT-S-05218-15). De \u00e4r gjorda av h\u00f6gkvalitativt inhemskt aluminium eller zinkf\u00f6rlustbest\u00e4ndig m\u00e4ssing.<\/p>\n<p>Alla JM-Valus brandarmaturer finns omg\u00e5ende tillg\u00e4ngliga som lagerprodukter. Leveranser \u00e4ven samma dag.<\/p>","protected":false},"excerpt":{"rendered":"<p>Brandbeslag i hemmet. Brandkontaktlock i aluminium DN80 (roterande)<\/p>","protected":false},"featured_media":1184,"template":"","meta":{"_acf_changed":false,"inline_featured_image":false},"product_brand":[],"product_cat":[18,31],"product_tag":[161],"class_list":{"0":"post-797","1":"product","2":"type-product","3":"status-publish","4":"has-post-thumbnail","6":"product_cat-suomalaiset-paloliittimet-sfs","7":"product_cat-alumiiniset-paloliittimien-kannet","8":"product_tag-alumiininen-paloliittimen-kansi-dn80-pyoriva","10":"first","11":"instock","12":"shipping-taxable","13":"purchasable","14":"product-type-simple"},"acf":[],"_links":{"self":[{"href":"https:\/\/jm-valu.fi\/sv\/wp-json\/wp\/v2\/product\/797","targetHints":{"allow":["GET"]}}],"collection":[{"href":"https:\/\/jm-valu.fi\/sv\/wp-json\/wp\/v2\/product"}],"about":[{"href":"https:\/\/jm-valu.fi\/sv\/wp-json\/wp\/v2\/types\/product"}],"wp:featuredmedia":[{"embeddable":true,"href":"https:\/\/jm-valu.fi\/sv\/wp-json\/wp\/v2\/media\/1184"}],"wp:attachment":[{"href":"https:\/\/jm-valu.fi\/sv\/wp-json\/wp\/v2\/media?parent=797"}],"wp:term":[{"taxonomy":"product_brand","embeddable":true,"href":"https:\/\/jm-valu.fi\/sv\/wp-json\/wp\/v2\/product_brand?post=797"},{"taxonomy":"product_cat","embeddable":true,"href":"https:\/\/jm-valu.fi\/sv\/wp-json\/wp\/v2\/product_cat?post=797"},{"taxonomy":"product_tag","embeddable":true,"href":"https:\/\/jm-valu.fi\/sv\/wp-json\/wp\/v2\/product_tag?post=797"}],"curies":[{"name":"wp","href":"https:\/\/api.w.org\/{rel}","templated":true}]}}