{"id":792,"date":"2023-05-29T05:57:15","date_gmt":"2023-05-29T05:57:15","guid":{"rendered":"https:\/\/jm-valu.fi\/?post_type=product&#038;p=792"},"modified":"2025-12-18T12:15:30","modified_gmt":"2025-12-18T12:15:30","slug":"messinkinen-paloliitin-ulkokierteella-dn80-x-r-4","status":"publish","type":"product","link":"https:\/\/jm-valu.fi\/sv\/produkt\/brandkontakt-i-massing-med-utvandig-ganga-dn80-xr-4\/","title":{"rendered":"Brandkontakt i m\u00e4ssing med utv\u00e4ndig g\u00e4nga DN80 x R 4&quot;"},"content":{"rendered":"<p>G\u00e4ngan p\u00e5 den utv\u00e4ndigt g\u00e4ngade brandanslutningen \u00e4r en rak R-r\u00f6rg\u00e4nga.<\/p>\n<p>Vi har \u00e4gnat s\u00e4rskild uppm\u00e4rksamhet \u00e5t kristallstrukturen i v\u00e5ra brandanslutningar. Tack vare den gjutmetod\/formteknik vi sj\u00e4lva utvecklat kan kristallstrukturen p\u00e5 v\u00e5ra produkter modifieras s\u00e5 att v\u00e5ra produkter \u00e4r riktigt sega och h\u00e5llbara och d\u00e4rf\u00f6r ocks\u00e5 mycket s\u00e4kra att anv\u00e4nda. I VTT:s test har v\u00e5ra brandarmaturer klarat 75 bars tryck oskadade och fortfarande l\u00e4ckfria.<\/p>\n<p>V\u00e5ra brandarmaturer har testats av VTT Expert Services Oy i enlighet med punkt F7 i standarden SFS-EN 671-1 (VTT-S-05218-15). De \u00e4r gjorda av h\u00f6gkvalitativt inhemskt aluminium eller zinkf\u00f6rlustbest\u00e4ndig m\u00e4ssing.<\/p>\n<p><strong>Alla JM-Valus brandarmaturer finns omg\u00e5ende tillg\u00e4ngliga som lagerprodukter. Leveranser \u00e4ven samma dag.<\/strong><\/p>\n<figure id=\"attachment_2599\" aria-describedby=\"caption-attachment-2599\" style=\"width: 81px\" class=\"wp-caption alignnone\"><a href=\"https:\/\/jm-valu.fi\/wp-content\/uploads\/2025\/09\/ulkokierrenippa-dn80-r4Ms.pdf\" target=\"_blank\" rel=\"noopener\"><img decoding=\"async\" class=\"wp-image-2599 size-full\" src=\"https:\/\/jm-valu.fi\/wp-content\/uploads\/2023\/05\/laitekortti_jm-valuoy.png\" alt=\"\" width=\"81\" height=\"100\" title=\"\" srcset=\"https:\/\/jm-valu.fi\/wp-content\/uploads\/2023\/05\/laitekortti_jm-valuoy.png 81w, https:\/\/jm-valu.fi\/wp-content\/uploads\/2023\/05\/laitekortti_jm-valuoy-10x12.png 10w\" sizes=\"(max-width: 81px) 100vw, 81px\" \/><\/a><figcaption id=\"caption-attachment-2599\" class=\"wp-caption-text\">DATABLAD<\/figcaption><\/figure>","protected":false},"excerpt":{"rendered":"<p>Brandbeslag i hemmet. Brandkontakt i m\u00e4ssing med utv\u00e4ndig g\u00e4nga DN80 x R 4&quot;<\/p>","protected":false},"featured_media":1270,"template":"","meta":{"_acf_changed":false,"inline_featured_image":false},"product_brand":[],"product_cat":[18,30],"product_tag":[154],"class_list":{"0":"post-792","1":"product","2":"type-product","3":"status-publish","4":"has-post-thumbnail","6":"product_cat-suomalaiset-paloliittimet-sfs","7":"product_cat-messinkiset-paloliittimet-ulkokierteella","8":"product_tag-messinkinen-paloliitin-ulkokierteella-dn80-x-r-4","10":"first","11":"instock","12":"shipping-taxable","13":"purchasable","14":"product-type-simple"},"acf":[],"_links":{"self":[{"href":"https:\/\/jm-valu.fi\/sv\/wp-json\/wp\/v2\/product\/792","targetHints":{"allow":["GET"]}}],"collection":[{"href":"https:\/\/jm-valu.fi\/sv\/wp-json\/wp\/v2\/product"}],"about":[{"href":"https:\/\/jm-valu.fi\/sv\/wp-json\/wp\/v2\/types\/product"}],"wp:featuredmedia":[{"embeddable":true,"href":"https:\/\/jm-valu.fi\/sv\/wp-json\/wp\/v2\/media\/1270"}],"wp:attachment":[{"href":"https:\/\/jm-valu.fi\/sv\/wp-json\/wp\/v2\/media?parent=792"}],"wp:term":[{"taxonomy":"product_brand","embeddable":true,"href":"https:\/\/jm-valu.fi\/sv\/wp-json\/wp\/v2\/product_brand?post=792"},{"taxonomy":"product_cat","embeddable":true,"href":"https:\/\/jm-valu.fi\/sv\/wp-json\/wp\/v2\/product_cat?post=792"},{"taxonomy":"product_tag","embeddable":true,"href":"https:\/\/jm-valu.fi\/sv\/wp-json\/wp\/v2\/product_tag?post=792"}],"curies":[{"name":"wp","href":"https:\/\/api.w.org\/{rel}","templated":true}]}}