{"id":7,"date":"2023-04-04T17:19:50","date_gmt":"2023-04-04T17:19:50","guid":{"rendered":"https:\/\/jm-valu.fi\/?page_id=7"},"modified":"2025-10-15T08:34:57","modified_gmt":"2025-10-15T08:34:57","slug":"etusivu","status":"publish","type":"page","link":"https:\/\/jm-valu.fi\/sv\/","title":{"rendered":"framsida"},"content":{"rendered":"<div data-elementor-type=\"wp-post\" data-elementor-id=\"7\" class=\"elementor elementor-7\" data-elementor-post-type=\"page\">\n\t\t\t\t\t\t<section class=\"elementor-section elementor-top-section elementor-element elementor-element-bf28eeb elementor-section-full_width elementor-section-stretched elementor-section-height-default elementor-section-height-default\" data-id=\"bf28eeb\" data-element_type=\"section\" data-e-type=\"section\" data-settings=\"{&quot;stretch_section&quot;:&quot;section-stretched&quot;}\">\n\t\t\t\t\t\t<div class=\"elementor-container elementor-column-gap-default\">\n\t\t\t\t\t<div class=\"elementor-column elementor-col-100 elementor-top-column elementor-element elementor-element-6fdad2e\" data-id=\"6fdad2e\" data-element_type=\"column\" data-e-type=\"column\">\n\t\t\t<div class=\"elementor-widget-wrap elementor-element-populated\">\n\t\t\t\t\t\t<div class=\"elementor-element elementor-element-9e02c6d elementor--h-position-center elementor--v-position-middle elementor-arrows-position-inside elementor-pagination-position-inside elementor-widget elementor-widget-slides\" data-id=\"9e02c6d\" data-element_type=\"widget\" data-e-type=\"widget\" data-settings=\"{&quot;navigation&quot;:&quot;both&quot;,&quot;autoplay&quot;:&quot;yes&quot;,&quot;pause_on_hover&quot;:&quot;yes&quot;,&quot;pause_on_interaction&quot;:&quot;yes&quot;,&quot;autoplay_speed&quot;:5000,&quot;infinite&quot;:&quot;yes&quot;,&quot;transition&quot;:&quot;slide&quot;,&quot;transition_speed&quot;:500}\" data-widget_type=\"slides.default\">\n\t\t\t\t<div class=\"elementor-widget-container\">\n\t\t\t\t\t\t\t\t\t<div class=\"elementor-swiper\">\n\t\t\t\t\t<div class=\"elementor-slides-wrapper elementor-main-swiper swiper\" role=\"region\" aria-roledescription=\"carousel\" aria-label=\"Bilder\" dir=\"ltr\" data-animation=\"fadeInUp\">\n\t\t\t\t<div class=\"swiper-wrapper elementor-slides\">\n\t\t\t\t\t\t\t\t\t\t<div class=\"elementor-repeater-item-e10df32 swiper-slide\" role=\"group\" aria-roledescription=\"slide\"><div class=\"swiper-slide-bg\" role=\"img\" aria-label=\"JM-Valu Oy. Brandbeslag\"><\/div><div class=\"elementor-background-overlay\"><\/div><div class=\"swiper-slide-inner\" ><div class=\"swiper-slide-contents\"><h2 class=\"elementor-slide-heading\">JM-VALU OY - Ledande tillverkare av finska brandbeslag (SFS).<\/h2><\/div><\/div><\/div><div class=\"elementor-repeater-item-36df54f swiper-slide\" role=\"group\" aria-roledescription=\"slide\"><div class=\"swiper-slide-bg\" role=\"img\" aria-label=\"JM-Valu Oy. M\u00e4ssings- och aluminiumgjuteri med full service.\"><\/div><div class=\"elementor-background-overlay\"><\/div><div class=\"swiper-slide-inner\" ><div class=\"swiper-slide-contents\"><h2 class=\"elementor-slide-heading\">JM-VALU OY - gjutgods av aluminium och m\u00e4ssing<\/h2><\/div><\/div><\/div><div class=\"elementor-repeater-item-30fb298 swiper-slide\" role=\"group\" aria-roledescription=\"slide\"><div class=\"swiper-slide-bg\" role=\"img\" aria-label=\"JM-Valu Oy. Brandsl\u00e4ckningsarmaturer f\u00f6r bost\u00e4der.\"><\/div><div class=\"elementor-background-overlay\"><\/div><div class=\"swiper-slide-inner\" ><div class=\"swiper-slide-contents\"><h2 class=\"elementor-slide-heading\">JM-VALU OY - Finska (SFS) brandarmaturer direkt fr\u00e5n tillverkaren<\/h2><\/div><\/div><\/div><div class=\"elementor-repeater-item-2cbd295 swiper-slide\" role=\"group\" aria-roledescription=\"slide\"><div class=\"swiper-slide-bg\" role=\"img\" aria-label=\"JM-Valu Oy. Brandsl\u00e4ckningsarmaturer f\u00f6r bost\u00e4der.\"><\/div><div class=\"elementor-background-overlay\"><\/div><div class=\"swiper-slide-inner\" ><div class=\"swiper-slide-contents\"><h2 class=\"elementor-slide-heading\">JM-VALU OY - Vi tillh\u00f6r den h\u00f6gsta AAA-kreditkategorin<\/h2><\/div><\/div><\/div>\t\t\t\t<\/div>\n\t\t\t\t\t\t\t\t\t\t\t\t\t\t\t<div class=\"elementor-swiper-button elementor-swiper-button-prev\" role=\"button\" tabindex=\"0\" aria-label=\"F\u00f6reg\u00e5ende bild\" data-no-translation-aria-label=\"\">\n\t\t\t\t\t\t\t<i aria-hidden=\"true\" class=\"eicon-chevron-left\"><\/i>\t\t\t\t\t\t<\/div>\n\t\t\t\t\t\t<div class=\"elementor-swiper-button elementor-swiper-button-next\" role=\"button\" tabindex=\"0\" aria-label=\"N\u00e4sta bild\" data-no-translation-aria-label=\"\">\n\t\t\t\t\t\t\t<i aria-hidden=\"true\" class=\"eicon-chevron-right\"><\/i>\t\t\t\t\t\t<\/div>\n\t\t\t\t\t\t\t\t\t\t\t\t\t\t\t\t<div class=\"swiper-pagination\"><\/div>\n\t\t\t\t\t\t\t\t\t\t\t\t<\/div>\n\t\t\t\t<\/div>\n\t\t\t\t\t\t\t\t<\/div>\n\t\t\t\t<\/div>\n\t\t\t\t\t<\/div>\n\t\t<\/div>\n\t\t\t\t\t<\/div>\n\t\t<\/section>\n\t\t\t\t<section class=\"elementor-section elementor-top-section elementor-element elementor-element-4aa30ae elementor-section-boxed elementor-section-height-default elementor-section-height-default\" data-id=\"4aa30ae\" data-element_type=\"section\" data-e-type=\"section\">\n\t\t\t\t\t\t<div class=\"elementor-container elementor-column-gap-default\">\n\t\t\t\t\t<div class=\"elementor-column elementor-col-50 elementor-top-column elementor-element elementor-element-d479935\" data-id=\"d479935\" data-element_type=\"column\" data-e-type=\"column\">\n\t\t\t<div class=\"elementor-widget-wrap elementor-element-populated\">\n\t\t\t\t\t\t<div class=\"elementor-element elementor-element-a52dea1 elementor-widget elementor-widget-heading\" data-id=\"a52dea1\" data-element_type=\"widget\" data-e-type=\"widget\" data-widget_type=\"heading.default\">\n\t\t\t\t<div class=\"elementor-widget-container\">\n\t\t\t\t\t<h2 class=\"elementor-heading-title elementor-size-default\">Finska brandbeslag (SFS)<\/h2>\t\t\t\t<\/div>\n\t\t\t\t<\/div>\n\t\t\t\t<div class=\"elementor-element elementor-element-3e1f72c elementor-widget elementor-widget-text-editor\" data-id=\"3e1f72c\" data-element_type=\"widget\" data-e-type=\"widget\" data-widget_type=\"text-editor.default\">\n\t\t\t\t<div class=\"elementor-widget-container\">\n\t\t\t\t\t\t\t\t\t<p>JM-Valu Oy \u00e4r Finlands ledande tillverkare av brandbeslag i hemmet. V\u00e5rt urval av h\u00f6gkvalitativa brandbeslag omfattar b\u00e5de aluminium och m\u00e4ssingsbeslag, och allt direkt fr\u00e5n v\u00e5rt lager.<\/p><p>Om det inte finns n\u00e5gra kopplingar i v\u00e5rt urval som m\u00f6ter v\u00e5ra kunders behov, tack vare v\u00e5r egen formkonstruktion och tillverkning, kan vi utveckla en ny produkt, \u00e4ven p\u00e5 n\u00e5gra dagar.<\/p>\t\t\t\t\t\t\t\t<\/div>\n\t\t\t\t<\/div>\n\t\t\t\t<div class=\"elementor-element elementor-element-e008e8e elementor-widget elementor-widget-button\" data-id=\"e008e8e\" data-element_type=\"widget\" data-e-type=\"widget\" data-widget_type=\"button.default\">\n\t\t\t\t<div class=\"elementor-widget-container\">\n\t\t\t\t\t\t\t\t\t<div class=\"elementor-button-wrapper\">\n\t\t\t\t\t<a class=\"elementor-button elementor-button-link elementor-size-sm\" href=\"https:\/\/jm-valu.fi\/sv\/produkter\/\">\n\t\t\t\t\t\t<span class=\"elementor-button-content-wrapper\">\n\t\t\t\t\t\t\t\t\t<span class=\"elementor-button-text\">Se produkterna<\/span>\n\t\t\t\t\t<\/span>\n\t\t\t\t\t<\/a>\n\t\t\t\t<\/div>\n\t\t\t\t\t\t\t\t<\/div>\n\t\t\t\t<\/div>\n\t\t\t\t\t<\/div>\n\t\t<\/div>\n\t\t\t\t<div class=\"elementor-column elementor-col-50 elementor-top-column elementor-element elementor-element-20b3a9b\" data-id=\"20b3a9b\" data-element_type=\"column\" data-e-type=\"column\">\n\t\t\t<div class=\"elementor-widget-wrap elementor-element-populated\">\n\t\t\t\t\t\t<div class=\"elementor-element elementor-element-abd84ef elementor-widget elementor-widget-image\" data-id=\"abd84ef\" data-element_type=\"widget\" data-e-type=\"widget\" data-widget_type=\"image.default\">\n\t\t\t\t<div class=\"elementor-widget-container\">\n\t\t\t\t\t\t\t\t\t\t\t\t\t\t\t<img fetchpriority=\"high\" decoding=\"async\" width=\"800\" height=\"800\" src=\"https:\/\/jm-valu.fi\/wp-content\/uploads\/2023\/06\/kotimaiset_paloliittimet-tuotteet-jmvaluoy_1500x1500-1024x1024.jpg\" class=\"attachment-large size-large wp-image-1331\" alt=\"JM-Valu Oy. Finska brandarmaturer (SFS)\" srcset=\"https:\/\/jm-valu.fi\/wp-content\/uploads\/2023\/06\/kotimaiset_paloliittimet-tuotteet-jmvaluoy_1500x1500-1024x1024.jpg 1024w, https:\/\/jm-valu.fi\/wp-content\/uploads\/2023\/06\/kotimaiset_paloliittimet-tuotteet-jmvaluoy_1500x1500-300x300.jpg 300w, https:\/\/jm-valu.fi\/wp-content\/uploads\/2023\/06\/kotimaiset_paloliittimet-tuotteet-jmvaluoy_1500x1500-150x150.jpg 150w, https:\/\/jm-valu.fi\/wp-content\/uploads\/2023\/06\/kotimaiset_paloliittimet-tuotteet-jmvaluoy_1500x1500-768x768.jpg 768w, https:\/\/jm-valu.fi\/wp-content\/uploads\/2023\/06\/kotimaiset_paloliittimet-tuotteet-jmvaluoy_1500x1500-12x12.jpg 12w, https:\/\/jm-valu.fi\/wp-content\/uploads\/2023\/06\/kotimaiset_paloliittimet-tuotteet-jmvaluoy_1500x1500-600x600.jpg 600w, https:\/\/jm-valu.fi\/wp-content\/uploads\/2023\/06\/kotimaiset_paloliittimet-tuotteet-jmvaluoy_1500x1500-100x100.jpg 100w, https:\/\/jm-valu.fi\/wp-content\/uploads\/2023\/06\/kotimaiset_paloliittimet-tuotteet-jmvaluoy_1500x1500.jpg 1500w\" sizes=\"(max-width: 800px) 100vw, 800px\" title=\"\">\t\t\t\t\t\t\t\t\t\t\t\t\t\t\t<\/div>\n\t\t\t\t<\/div>\n\t\t\t\t\t<\/div>\n\t\t<\/div>\n\t\t\t\t\t<\/div>\n\t\t<\/section>\n\t\t\t\t<section class=\"elementor-section elementor-top-section elementor-element elementor-element-6781e8c elementor-section-boxed elementor-section-height-default elementor-section-height-default\" data-id=\"6781e8c\" data-element_type=\"section\" data-e-type=\"section\">\n\t\t\t\t\t\t<div class=\"elementor-container elementor-column-gap-default\">\n\t\t\t\t\t<div class=\"elementor-column elementor-col-100 elementor-top-column elementor-element elementor-element-abfeeb1\" data-id=\"abfeeb1\" data-element_type=\"column\" data-e-type=\"column\">\n\t\t\t<div class=\"elementor-widget-wrap elementor-element-populated\">\n\t\t\t\t\t\t<div class=\"elementor-element elementor-element-3397266 elementor-widget elementor-widget-heading\" data-id=\"3397266\" data-element_type=\"widget\" data-e-type=\"widget\" data-widget_type=\"heading.default\">\n\t\t\t\t<div class=\"elementor-widget-container\">\n\t\t\t\t\t<h2 class=\"elementor-heading-title elementor-size-default\">Inhemskt familjef\u00f6retag<\/h2>\t\t\t\t<\/div>\n\t\t\t\t<\/div>\n\t\t\t\t<div class=\"elementor-element elementor-element-3415061 elementor-widget elementor-widget-text-editor\" data-id=\"3415061\" data-element_type=\"widget\" data-e-type=\"widget\" data-widget_type=\"text-editor.default\">\n\t\t\t\t<div class=\"elementor-widget-container\">\n\t\t\t\t\t\t\t\t\t<p>Brandarmaturer som tillverkas av JM-Valu \u00e4r hush\u00e5llsarbete.<\/p><p>Kvalitet \u00e4r en hedersfr\u00e5ga f\u00f6r oss och vid tillverkning av kopplingar \u00e4gnar vi s\u00e4rskild uppm\u00e4rksamhet inte bara \u00e5t h\u00f6g kvalitet utan \u00e4ven p\u00e5 s\u00e4kerheten. Aluminiumet vi anv\u00e4nder \u00e4r inhemskt. Genom att k\u00f6pa kontakter tillverkade p\u00e5 andra sidan jordklotet kanske du inte vet hur ansvarsfullt och hur s\u00e4kra produkterna \u00e4r tillverkade.<\/p><p>Genom att k\u00f6pa brandarmaturer tillverkade av JM-Valu st\u00f6djer du samtidigt ett inhemskt kvalitetsarbete och du kan vara s\u00e4ker p\u00e5 att produkterna h\u00e5ller h\u00f6g kvalitet och tillverkas just med h\u00e4nsyn till milj\u00f6n. Vid tillverkningen av JM-Valu Oy:s produkter anv\u00e4nds endast certifierad, 100 % koldioxidneutral f\u00f6rnybar energi.<\/p><p>V\u00e5ra brandarmaturer uppfyller standarden SFS 3798 och de har testats av VTT Expert Services Oy i enlighet med punkt F7 i standarden SFS-EN 671-1 (VTT-S-05218-15).<br \/>N\u00e4stan alla brandarmaturer vi tillverkar \u00e4r avsedda att anv\u00e4ndas endast p\u00e5 trycksidan. Undantaget \u00e4r de fyra tums brandarmaturer som \u00e4r utrustade med en sug-\/tryckt\u00e4tning. De \u00e4r l\u00e4mpliga f\u00f6r anv\u00e4ndning p\u00e5 b\u00e5de tryck- och sugsidan.<\/p><p><strong>Alla JM-Valus brandarmaturer finns omg\u00e5ende tillg\u00e4ngliga som lagerprodukter.<\/strong><\/p>\t\t\t\t\t\t\t\t<\/div>\n\t\t\t\t<\/div>\n\t\t\t\t\t<\/div>\n\t\t<\/div>\n\t\t\t\t\t<\/div>\n\t\t<\/section>\n\t\t\t\t<section class=\"elementor-section elementor-top-section elementor-element elementor-element-0a6c44f elementor-section-boxed elementor-section-height-default elementor-section-height-default\" data-id=\"0a6c44f\" data-element_type=\"section\" data-e-type=\"section\">\n\t\t\t\t\t\t<div class=\"elementor-container elementor-column-gap-default\">\n\t\t\t\t\t<div class=\"elementor-column elementor-col-50 elementor-top-column elementor-element elementor-element-803152f\" data-id=\"803152f\" data-element_type=\"column\" data-e-type=\"column\">\n\t\t\t<div class=\"elementor-widget-wrap elementor-element-populated\">\n\t\t\t\t\t\t<div class=\"elementor-element elementor-element-2159fb2 elementor-widget elementor-widget-image\" data-id=\"2159fb2\" data-element_type=\"widget\" data-e-type=\"widget\" data-widget_type=\"image.default\">\n\t\t\t\t<div class=\"elementor-widget-container\">\n\t\t\t\t\t\t\t\t\t\t\t\t\t\t\t<img decoding=\"async\" width=\"800\" height=\"800\" src=\"https:\/\/jm-valu.fi\/wp-content\/uploads\/2023\/05\/jm-valu_ymparisto.jpg\" class=\"attachment-large size-large wp-image-960\" alt=\"JM-Valu Oy. Brandsl\u00e4ckningsarmaturer f\u00f6r bost\u00e4der.\" srcset=\"https:\/\/jm-valu.fi\/wp-content\/uploads\/2023\/05\/jm-valu_ymparisto.jpg 1024w, https:\/\/jm-valu.fi\/wp-content\/uploads\/2023\/05\/jm-valu_ymparisto-300x300.jpg 300w, https:\/\/jm-valu.fi\/wp-content\/uploads\/2023\/05\/jm-valu_ymparisto-150x150.jpg 150w, https:\/\/jm-valu.fi\/wp-content\/uploads\/2023\/05\/jm-valu_ymparisto-768x768.jpg 768w, https:\/\/jm-valu.fi\/wp-content\/uploads\/2023\/05\/jm-valu_ymparisto-600x600.jpg 600w, https:\/\/jm-valu.fi\/wp-content\/uploads\/2023\/05\/jm-valu_ymparisto-100x100.jpg 100w\" sizes=\"(max-width: 800px) 100vw, 800px\" title=\"\">\t\t\t\t\t\t\t\t\t\t\t\t\t\t\t<\/div>\n\t\t\t\t<\/div>\n\t\t\t\t\t<\/div>\n\t\t<\/div>\n\t\t\t\t<div class=\"elementor-column elementor-col-50 elementor-top-column elementor-element elementor-element-1541ab8\" data-id=\"1541ab8\" data-element_type=\"column\" data-e-type=\"column\">\n\t\t\t<div class=\"elementor-widget-wrap elementor-element-populated\">\n\t\t\t\t\t\t<div class=\"elementor-element elementor-element-cec0dba elementor-widget elementor-widget-heading\" data-id=\"cec0dba\" data-element_type=\"widget\" data-e-type=\"widget\" data-widget_type=\"heading.default\">\n\t\t\t\t<div class=\"elementor-widget-container\">\n\t\t\t\t\t<h3 class=\"elementor-heading-title elementor-size-default\">Milj\u00f6<\/h3>\t\t\t\t<\/div>\n\t\t\t\t<\/div>\n\t\t\t\t<div class=\"elementor-element elementor-element-3248fdd elementor-widget elementor-widget-text-editor\" data-id=\"3248fdd\" data-element_type=\"widget\" data-e-type=\"widget\" data-widget_type=\"text-editor.default\">\n\t\t\t\t<div class=\"elementor-widget-container\">\n\t\t\t\t\t\t\t\t\t<p>Milj\u00f6fr\u00e5gorna spelar en central roll i all JM-Valu Oy:s verksamhet, eftersom ren natur \u00e4r s\u00e4rskilt viktig f\u00f6r oss alla. I alla produktionsled b\u00f6r man ta h\u00e4nsyn till produktionens milj\u00f6p\u00e5verkan. P\u00e5 JM-Valu vill vi g\u00f6ra v\u00e5rt f\u00f6r att ta hand om naturens renhet, med s\u00e4rskild uppm\u00e4rksamhet p\u00e5 milj\u00f6v\u00e4nligheten i v\u00e5r produktion, och vi b\u00e4r v\u00e5rt eget ansvar f\u00f6r en renare morgondag. Vid tillverkningen av JM-Valu Oy:s produkter anv\u00e4nds endast certifierad, 100 % koldioxidneutral f\u00f6rnybar energi.<\/p>\t\t\t\t\t\t\t\t<\/div>\n\t\t\t\t<\/div>\n\t\t\t\t<div class=\"elementor-element elementor-element-8e3f84a elementor-widget elementor-widget-button\" data-id=\"8e3f84a\" data-element_type=\"widget\" data-e-type=\"widget\" data-widget_type=\"button.default\">\n\t\t\t\t<div class=\"elementor-widget-container\">\n\t\t\t\t\t\t\t\t\t<div class=\"elementor-button-wrapper\">\n\t\t\t\t\t<a class=\"elementor-button elementor-button-link elementor-size-sm\" href=\"https:\/\/jm-valu.fi\/sv\/miljo\/\">\n\t\t\t\t\t\t<span class=\"elementor-button-content-wrapper\">\n\t\t\t\t\t\t\t\t\t<span class=\"elementor-button-text\">L\u00e4s mer<\/span>\n\t\t\t\t\t<\/span>\n\t\t\t\t\t<\/a>\n\t\t\t\t<\/div>\n\t\t\t\t\t\t\t\t<\/div>\n\t\t\t\t<\/div>\n\t\t\t\t\t<\/div>\n\t\t<\/div>\n\t\t\t\t\t<\/div>\n\t\t<\/section>\n\t\t\t\t<\/div>","protected":false},"excerpt":{"rendered":"<p>JM-VALU OY &#8211; Johtava Suomalaisten paloliittimien (SFS) valmistaja JM-VALU OY &#8211; valut alumiinista ja messingist\u00e4 JM-VALU OY &#8211; Suomalaiset (SFS) paloliittimet suoraan valmistajalta JM-VALU OY &#8211; Kuulumme korkeimpaan AAA-luottoluokkaan Suomalaiset paloliittimet (SFS) JM-Valu Oy on johtava Suomalaisten paloliittimien (SFS) valmistaja. Laadukkaiden paloliittimiemme valikoimasta l\u00f6ytyv\u00e4t sek\u00e4 alumiiniset ett\u00e4 messinkiset liittimet, ja kaikki suoraan varastostamme. Jos valikoimastamme [&hellip;]<\/p>\n","protected":false},"author":1,"featured_media":0,"parent":0,"menu_order":0,"comment_status":"closed","ping_status":"closed","template":"","meta":{"_acf_changed":false,"inline_featured_image":false,"footnotes":""},"class_list":["post-7","page","type-page","status-publish","hentry"],"acf":[],"_links":{"self":[{"href":"https:\/\/jm-valu.fi\/sv\/wp-json\/wp\/v2\/pages\/7","targetHints":{"allow":["GET"]}}],"collection":[{"href":"https:\/\/jm-valu.fi\/sv\/wp-json\/wp\/v2\/pages"}],"about":[{"href":"https:\/\/jm-valu.fi\/sv\/wp-json\/wp\/v2\/types\/page"}],"author":[{"embeddable":true,"href":"https:\/\/jm-valu.fi\/sv\/wp-json\/wp\/v2\/users\/1"}],"replies":[{"embeddable":true,"href":"https:\/\/jm-valu.fi\/sv\/wp-json\/wp\/v2\/comments?post=7"}],"version-history":[{"count":263,"href":"https:\/\/jm-valu.fi\/sv\/wp-json\/wp\/v2\/pages\/7\/revisions"}],"predecessor-version":[{"id":2529,"href":"https:\/\/jm-valu.fi\/sv\/wp-json\/wp\/v2\/pages\/7\/revisions\/2529"}],"wp:attachment":[{"href":"https:\/\/jm-valu.fi\/sv\/wp-json\/wp\/v2\/media?parent=7"}],"curies":[{"name":"wp","href":"https:\/\/api.w.org\/{rel}","templated":true}]}}