{"id":163,"date":"2023-04-11T15:58:16","date_gmt":"2023-04-11T15:58:16","guid":{"rendered":"https:\/\/jm-valu.fi\/?page_id=163"},"modified":"2025-01-17T09:09:50","modified_gmt":"2025-01-17T09:09:50","slug":"ymparisto","status":"publish","type":"page","link":"https:\/\/jm-valu.fi\/sv\/miljo\/","title":{"rendered":"Milj\u00f6"},"content":{"rendered":"<div data-elementor-type=\"wp-page\" data-elementor-id=\"163\" class=\"elementor elementor-163\" data-elementor-post-type=\"page\">\n\t\t\t\t\t\t<section class=\"elementor-section elementor-top-section elementor-element elementor-element-4044950 elementor-section-height-min-height elementor-section-stretched elementor-section-boxed elementor-section-height-default elementor-section-items-middle\" data-id=\"4044950\" data-element_type=\"section\" data-e-type=\"section\" data-settings=\"{&quot;stretch_section&quot;:&quot;section-stretched&quot;,&quot;background_background&quot;:&quot;classic&quot;}\">\n\t\t\t\t\t\t\t<div class=\"elementor-background-overlay\"><\/div>\n\t\t\t\t\t\t\t<div class=\"elementor-container elementor-column-gap-default\">\n\t\t\t\t\t<div class=\"elementor-column elementor-col-100 elementor-top-column elementor-element elementor-element-db01072\" data-id=\"db01072\" data-element_type=\"column\" data-e-type=\"column\">\n\t\t\t<div class=\"elementor-widget-wrap elementor-element-populated\">\n\t\t\t\t\t\t<div class=\"elementor-element elementor-element-dd8bb88 elementor-widget elementor-widget-heading\" data-id=\"dd8bb88\" data-element_type=\"widget\" data-e-type=\"widget\" data-widget_type=\"heading.default\">\n\t\t\t\t<div class=\"elementor-widget-container\">\n\t\t\t\t\t<h2 class=\"elementor-heading-title elementor-size-default\">Ansvarig metallgjuteri<\/h2>\t\t\t\t<\/div>\n\t\t\t\t<\/div>\n\t\t\t\t\t<\/div>\n\t\t<\/div>\n\t\t\t\t\t<\/div>\n\t\t<\/section>\n\t\t\t\t<section class=\"elementor-section elementor-top-section elementor-element elementor-element-fdfd58f elementor-section-boxed elementor-section-height-default elementor-section-height-default\" data-id=\"fdfd58f\" data-element_type=\"section\" data-e-type=\"section\">\n\t\t\t\t\t\t<div class=\"elementor-container elementor-column-gap-default\">\n\t\t\t\t\t<div class=\"elementor-column elementor-col-100 elementor-top-column elementor-element elementor-element-eb700c9\" data-id=\"eb700c9\" data-element_type=\"column\" data-e-type=\"column\">\n\t\t\t<div class=\"elementor-widget-wrap elementor-element-populated\">\n\t\t\t\t\t\t<div class=\"elementor-element elementor-element-61a5fee elementor-widget elementor-widget-heading\" data-id=\"61a5fee\" data-element_type=\"widget\" data-e-type=\"widget\" data-widget_type=\"heading.default\">\n\t\t\t\t<div class=\"elementor-widget-container\">\n\t\t\t\t\t<h3 class=\"elementor-heading-title elementor-size-default\">JM-Valu Oy \u00e5tervinner internt alla metallsp\u00e5n som genereras i sin produktion.<\/h3>\t\t\t\t<\/div>\n\t\t\t\t<\/div>\n\t\t\t\t<div class=\"elementor-element elementor-element-cff9a39 elementor-widget-divider--view-line elementor-widget elementor-widget-divider\" data-id=\"cff9a39\" data-element_type=\"widget\" data-e-type=\"widget\" data-widget_type=\"divider.default\">\n\t\t\t\t<div class=\"elementor-widget-container\">\n\t\t\t\t\t\t\t<div class=\"elementor-divider\">\n\t\t\t<span class=\"elementor-divider-separator\">\n\t\t\t\t\t\t<\/span>\n\t\t<\/div>\n\t\t\t\t\t\t<\/div>\n\t\t\t\t<\/div>\n\t\t\t\t\t<\/div>\n\t\t<\/div>\n\t\t\t\t\t<\/div>\n\t\t<\/section>\n\t\t\t\t<section class=\"elementor-section elementor-top-section elementor-element elementor-element-04198f5 elementor-section-boxed elementor-section-height-default elementor-section-height-default\" data-id=\"04198f5\" data-element_type=\"section\" data-e-type=\"section\">\n\t\t\t\t\t\t<div class=\"elementor-container elementor-column-gap-default\">\n\t\t\t\t\t<div class=\"elementor-column elementor-col-50 elementor-top-column elementor-element elementor-element-33623e5\" data-id=\"33623e5\" data-element_type=\"column\" data-e-type=\"column\">\n\t\t\t<div class=\"elementor-widget-wrap elementor-element-populated\">\n\t\t\t\t\t\t<div class=\"elementor-element elementor-element-1586904 elementor-widget elementor-widget-heading\" data-id=\"1586904\" data-element_type=\"widget\" data-e-type=\"widget\" data-widget_type=\"heading.default\">\n\t\t\t\t<div class=\"elementor-widget-container\">\n\t\t\t\t\t<h3 class=\"elementor-heading-title elementor-size-default\">Vi bryr oss om milj\u00f6n<\/h3>\t\t\t\t<\/div>\n\t\t\t\t<\/div>\n\t\t\t\t<div class=\"elementor-element elementor-element-8ce5e35 elementor-widget elementor-widget-text-editor\" data-id=\"8ce5e35\" data-element_type=\"widget\" data-e-type=\"widget\" data-widget_type=\"text-editor.default\">\n\t\t\t\t<div class=\"elementor-widget-container\">\n\t\t\t\t\t\t\t\t\t<p>Milj\u00f6fr\u00e5gorna spelar en central roll i all JM-Valu Oy:s verksamhet, eftersom ren natur \u00e4r s\u00e4rskilt viktig f\u00f6r oss alla. I alla produktionsled b\u00f6r produktionens milj\u00f6p\u00e5verkan beaktas.<\/p><p>P\u00e5 JM-Valu vill vi g\u00f6ra v\u00e5rt f\u00f6r att ta hand om naturens renhet, med s\u00e4rskild h\u00e4nsyn till milj\u00f6v\u00e4nligheten i v\u00e5r produktion, och vi b\u00e4r v\u00e5rt eget ansvar f\u00f6r en renare morgondag. Vid tillverkningen av JM-Valu Oy:s produkter anv\u00e4nds endast certifierad, 100 % koldioxidneutral f\u00f6rnybar energi.<\/p><p>Genom att \u00e5tervinna, \u00e5teranv\u00e4nda och anv\u00e4nda material kan vi spara naturresurser. Samtidigt minskar vi energif\u00f6rbrukningen och m\u00e4ngden avfall och deras skadliga milj\u00f6effekter. JM-Valu Oy:s verksamhetsfilosofi \u00e4r att anv\u00e4nda material s\u00e5 effektivt som m\u00f6jligt utan att belasta naturen i on\u00f6dan. \u00a0<br \/>Var och en av oss kan p\u00e5verka milj\u00f6ns v\u00e4lbefinnande med v\u00e5ra egna val.<\/p>\t\t\t\t\t\t\t\t<\/div>\n\t\t\t\t<\/div>\n\t\t\t\t<div class=\"elementor-element elementor-element-c5de67b elementor-widget elementor-widget-button\" data-id=\"c5de67b\" data-element_type=\"widget\" data-e-type=\"widget\" data-widget_type=\"button.default\">\n\t\t\t\t<div class=\"elementor-widget-container\">\n\t\t\t\t\t\t\t\t\t<div class=\"elementor-button-wrapper\">\n\t\t\t\t\t<a class=\"elementor-button elementor-button-link elementor-size-sm\" href=\"https:\/\/jm-valu.fi\/wp-content\/uploads\/2025\/01\/JM-Valu-Oy-Sertifikaatti-scaled.jpg\" target=\"_blank\">\n\t\t\t\t\t\t<span class=\"elementor-button-content-wrapper\">\n\t\t\t\t\t\t\t\t\t<span class=\"elementor-button-text\">Certifikat f\u00f6r f\u00f6rnybar energi<\/span>\n\t\t\t\t\t<\/span>\n\t\t\t\t\t<\/a>\n\t\t\t\t<\/div>\n\t\t\t\t\t\t\t\t<\/div>\n\t\t\t\t<\/div>\n\t\t\t\t<div class=\"elementor-element elementor-element-c0fa0e5 elementor-widget elementor-widget-image\" data-id=\"c0fa0e5\" data-element_type=\"widget\" data-e-type=\"widget\" data-widget_type=\"image.default\">\n\t\t\t\t<div class=\"elementor-widget-container\">\n\t\t\t\t\t\t\t\t\t\t\t\t\t\t\t<img fetchpriority=\"high\" decoding=\"async\" width=\"270\" height=\"235\" src=\"https:\/\/jm-valu.fi\/wp-content\/uploads\/2024\/01\/JM-VALU-BVCER_SansQR-ISO-9001-14001.jpg\" class=\"attachment-large size-large wp-image-2039\" alt=\"JM-Valu Oy BVCER_SansQR-ISO-9001-14001\" srcset=\"https:\/\/jm-valu.fi\/wp-content\/uploads\/2024\/01\/JM-VALU-BVCER_SansQR-ISO-9001-14001.jpg 270w, https:\/\/jm-valu.fi\/wp-content\/uploads\/2024\/01\/JM-VALU-BVCER_SansQR-ISO-9001-14001-14x12.jpg 14w\" sizes=\"(max-width: 270px) 100vw, 270px\" title=\"\">\t\t\t\t\t\t\t\t\t\t\t\t\t\t\t<\/div>\n\t\t\t\t<\/div>\n\t\t\t\t<div class=\"elementor-element elementor-element-5c0d478 elementor-widget elementor-widget-heading\" data-id=\"5c0d478\" data-element_type=\"widget\" data-e-type=\"widget\" data-widget_type=\"heading.default\">\n\t\t\t\t<div class=\"elementor-widget-container\">\n\t\t\t\t\t<h3 class=\"elementor-heading-title elementor-size-default\">Auktoriserad<\/h3>\t\t\t\t<\/div>\n\t\t\t\t<\/div>\n\t\t\t\t<div class=\"elementor-element elementor-element-6b39729 elementor-widget elementor-widget-text-editor\" data-id=\"6b39729\" data-element_type=\"widget\" data-e-type=\"widget\" data-widget_type=\"text-editor.default\">\n\t\t\t\t<div class=\"elementor-widget-container\">\n\t\t\t\t\t\t\t\t\t<p>JM-Valu Oys produkter tillverkas i enlighet med kvalitets- och milj\u00f6systemskontroll, som uppfyller kraven i ISO 9001:2015 och ISO 14001:2015 och \u00e4r certifierade av Bureau Veritas Certification med certifikatnummer: FIHSK8898372AB.<\/p>\t\t\t\t\t\t\t\t<\/div>\n\t\t\t\t<\/div>\n\t\t\t\t\t<\/div>\n\t\t<\/div>\n\t\t\t\t<div class=\"elementor-column elementor-col-50 elementor-top-column elementor-element elementor-element-65cb87f\" data-id=\"65cb87f\" data-element_type=\"column\" data-e-type=\"column\">\n\t\t\t<div class=\"elementor-widget-wrap elementor-element-populated\">\n\t\t\t\t\t\t<div class=\"elementor-element elementor-element-caf1c6c elementor-widget elementor-widget-image\" data-id=\"caf1c6c\" data-element_type=\"widget\" data-e-type=\"widget\" data-widget_type=\"image.default\">\n\t\t\t\t<div class=\"elementor-widget-container\">\n\t\t\t\t\t\t\t\t\t\t\t\t\t\t\t<img decoding=\"async\" width=\"580\" height=\"225\" src=\"https:\/\/jm-valu.fi\/wp-content\/uploads\/2023\/11\/brigettikuvat_jm_valu_messinki.jpeg\" class=\"attachment-large size-large wp-image-1727\" alt=\"JM-Valu Oy. Brandbeslag\" srcset=\"https:\/\/jm-valu.fi\/wp-content\/uploads\/2023\/11\/brigettikuvat_jm_valu_messinki.jpeg 580w, https:\/\/jm-valu.fi\/wp-content\/uploads\/2023\/11\/brigettikuvat_jm_valu_messinki-300x116.jpeg 300w, https:\/\/jm-valu.fi\/wp-content\/uploads\/2023\/11\/brigettikuvat_jm_valu_messinki-18x7.jpeg 18w\" sizes=\"(max-width: 580px) 100vw, 580px\" title=\"\">\t\t\t\t\t\t\t\t\t\t\t\t\t\t\t<\/div>\n\t\t\t\t<\/div>\n\t\t\t\t<div class=\"elementor-element elementor-element-86bb4c9 elementor-widget elementor-widget-heading\" data-id=\"86bb4c9\" data-element_type=\"widget\" data-e-type=\"widget\" data-widget_type=\"heading.default\">\n\t\t\t\t<div class=\"elementor-widget-container\">\n\t\t\t\t\t<h3 class=\"elementor-heading-title elementor-size-default\">Vi \u00e5tervinner alla metallsp\u00e5n som genereras i v\u00e5r produktion<\/h3>\t\t\t\t<\/div>\n\t\t\t\t<\/div>\n\t\t\t\t<div class=\"elementor-element elementor-element-80085d3 elementor-widget elementor-widget-text-editor\" data-id=\"80085d3\" data-element_type=\"widget\" data-e-type=\"widget\" data-widget_type=\"text-editor.default\">\n\t\t\t\t<div class=\"elementor-widget-container\">\n\t\t\t\t\t\t\t\t\t<p>N\u00e4stan alla gjutna produkter kr\u00e4ver bearbetning efter gjutning. Metallsp\u00e5nen som produceras under bearbetningen inneh\u00e5ller mycket sk\u00e4rv\u00e4tska. Bearbetning av sp\u00e5n som s\u00e5dan kan inte komma till god anv\u00e4ndning \/ ytterligare sm\u00e4lta, eftersom flisen under sm\u00e4ltprocessen, n\u00e4r de reagerar med luft, f\u00f6rvandlas till mestadels till slagg - allts\u00e5 inte till en anv\u00e4ndbar r\u00e5vara. \u2013 Av den anledningen skulle materialspillet bli riktigt stort. P\u00e5 grund av sk\u00e4rv\u00e4tskorna som finns i bearbetningssp\u00e5n, f\u00f6rorenar sm\u00e4ltande obehandlad sp\u00e5n ocks\u00e5 milj\u00f6n.<\/p><p>Tack vare v\u00e5r egen briketteringsutrustning kan flisv\u00e4tskan som binds till flisen under bearbetningen separeras och d\u00e4rmed ocks\u00e5 komma till nytta. Flisv\u00e4tskorna flyttar sig fr\u00e5n briketteringsutrustningen tillbaka till flisv\u00e4tsketankarna i verktygsmaskinerna och g\u00e5r direkt tillbaka till produktionen. Att omsm\u00e4lta briketterade flis kr\u00e4ver ocks\u00e5 mindre energi \u00e4n att sm\u00e4lta obehandlade flis.<\/p><p>V\u00e5r egen briketteringsutrustning g\u00f6r det m\u00f6jligt att flisen inte beh\u00f6ver transporteras p\u00e5 v\u00e4g f\u00f6r vidare bearbetning utan bearbetningen av flisen sker som en del av v\u00e5r egen tillverkningsprocess. V\u00e5ra briketterade chips cirkulerar omedelbart tillbaka till sm\u00e4ltugnarna f\u00f6r att sm\u00e4ltas.<\/p><p><strong>\u00c5tervinningsgraden f\u00f6r de r\u00e5varor vi anv\u00e4nder \u00e4r \u00f6ver 90 %.<\/strong><\/p>\t\t\t\t\t\t\t\t<\/div>\n\t\t\t\t<\/div>\n\t\t\t\t<div class=\"elementor-element elementor-element-4bc0ffb elementor-widget elementor-widget-image\" data-id=\"4bc0ffb\" data-element_type=\"widget\" data-e-type=\"widget\" data-widget_type=\"image.default\">\n\t\t\t\t<div class=\"elementor-widget-container\">\n\t\t\t\t\t\t\t\t\t\t\t\t\t\t\t<img decoding=\"async\" width=\"580\" height=\"225\" src=\"https:\/\/jm-valu.fi\/wp-content\/uploads\/2023\/11\/brigettikuvat_jm_valu_alumiini.jpeg\" class=\"attachment-large size-large wp-image-1728\" alt=\"JM-Valu Oy. Brandbeslag\" srcset=\"https:\/\/jm-valu.fi\/wp-content\/uploads\/2023\/11\/brigettikuvat_jm_valu_alumiini.jpeg 580w, https:\/\/jm-valu.fi\/wp-content\/uploads\/2023\/11\/brigettikuvat_jm_valu_alumiini-300x116.jpeg 300w, https:\/\/jm-valu.fi\/wp-content\/uploads\/2023\/11\/brigettikuvat_jm_valu_alumiini-18x7.jpeg 18w\" sizes=\"(max-width: 580px) 100vw, 580px\" title=\"\">\t\t\t\t\t\t\t\t\t\t\t\t\t\t\t<\/div>\n\t\t\t\t<\/div>\n\t\t\t\t<div class=\"elementor-element elementor-element-b55cae3 elementor-widget elementor-widget-heading\" data-id=\"b55cae3\" data-element_type=\"widget\" data-e-type=\"widget\" data-widget_type=\"heading.default\">\n\t\t\t\t<div class=\"elementor-widget-container\">\n\t\t\t\t\t<h3 class=\"elementor-heading-title elementor-size-default\">Ansvar<\/h3>\t\t\t\t<\/div>\n\t\t\t\t<\/div>\n\t\t\t\t<div class=\"elementor-element elementor-element-5f972cc elementor-widget elementor-widget-text-editor\" data-id=\"5f972cc\" data-element_type=\"widget\" data-e-type=\"widget\" data-widget_type=\"text-editor.default\">\n\t\t\t\t<div class=\"elementor-widget-container\">\n\t\t\t\t\t\t\t\t\t<p>Du kan komma \u00e5t v\u00e5r ansvarsrapport fr\u00e5n l\u00e4nken nedan.<\/p><p><a href=\"https:\/\/app.showyoursustainability.com\/susprogram?p=nmmPGiZ7Kpa0cERdanDihg==\" target=\"_blank\" rel=\"noopener\"><img loading=\"lazy\" decoding=\"async\" class=\"size-medium wp-image-2157 alignleft\" src=\"https:\/\/jm-valu.fi\/wp-content\/uploads\/2024\/03\/SYS_jm-valu-300x136.png\" alt=\"Visa din h\u00e5llbarhet JM-Valu Oy - Finland\" width=\"300\" height=\"136\" title=\"\" srcset=\"https:\/\/jm-valu.fi\/wp-content\/uploads\/2024\/03\/SYS_jm-valu-300x136.png 300w, https:\/\/jm-valu.fi\/wp-content\/uploads\/2024\/03\/SYS_jm-valu-18x8.png 18w, https:\/\/jm-valu.fi\/wp-content\/uploads\/2024\/03\/SYS_jm-valu.png 323w\" sizes=\"(max-width: 300px) 100vw, 300px\" \/><\/a><\/p><p>\u00a0<\/p>\t\t\t\t\t\t\t\t<\/div>\n\t\t\t\t<\/div>\n\t\t\t\t\t<\/div>\n\t\t<\/div>\n\t\t\t\t\t<\/div>\n\t\t<\/section>\n\t\t\t\t<\/div>","protected":false},"excerpt":{"rendered":"<p>Vastuullinen metallivalimo JM-Valu Oy kierr\u00e4tt\u00e4\u00e4 yrityksen sis\u00e4isesti kaiken tuotannossaan syntyv\u00e4n metallilastun. Huolehdimme ymp\u00e4rist\u00f6st\u00e4 Ymp\u00e4rist\u00f6asioilla on keskeinen rooli kaikessa JM-Valu Oy:n toiminnassa, koska puhdas luonto on meille kaikille erityisen t\u00e4rke\u00e4. Kaikissa tuotannonvaiheissa tulisi ottaa huomioon tuotannon ymp\u00e4rist\u00f6kuormittavuus. Me JM-Valussa haluamme olla osaltamme huolehtimassa luonnon puhtaudesta, kiinnitt\u00e4m\u00e4ll\u00e4 erityist\u00e4 huomiota tuotantomme ymp\u00e4rist\u00f6yst\u00e4v\u00e4llisyyteen ja kannamme omalta osaltamme vastuuta puhtaammasta [&hellip;]<\/p>\n","protected":false},"author":1,"featured_media":0,"parent":0,"menu_order":0,"comment_status":"closed","ping_status":"closed","template":"","meta":{"_acf_changed":false,"inline_featured_image":false,"footnotes":""},"class_list":["post-163","page","type-page","status-publish","hentry"],"acf":[],"_links":{"self":[{"href":"https:\/\/jm-valu.fi\/sv\/wp-json\/wp\/v2\/pages\/163","targetHints":{"allow":["GET"]}}],"collection":[{"href":"https:\/\/jm-valu.fi\/sv\/wp-json\/wp\/v2\/pages"}],"about":[{"href":"https:\/\/jm-valu.fi\/sv\/wp-json\/wp\/v2\/types\/page"}],"author":[{"embeddable":true,"href":"https:\/\/jm-valu.fi\/sv\/wp-json\/wp\/v2\/users\/1"}],"replies":[{"embeddable":true,"href":"https:\/\/jm-valu.fi\/sv\/wp-json\/wp\/v2\/comments?post=163"}],"version-history":[{"count":151,"href":"https:\/\/jm-valu.fi\/sv\/wp-json\/wp\/v2\/pages\/163\/revisions"}],"predecessor-version":[{"id":2517,"href":"https:\/\/jm-valu.fi\/sv\/wp-json\/wp\/v2\/pages\/163\/revisions\/2517"}],"wp:attachment":[{"href":"https:\/\/jm-valu.fi\/sv\/wp-json\/wp\/v2\/media?parent=163"}],"curies":[{"name":"wp","href":"https:\/\/api.w.org\/{rel}","templated":true}]}}