{"id":7,"date":"2023-04-04T17:19:50","date_gmt":"2023-04-04T17:19:50","guid":{"rendered":"https:\/\/jm-valu.fi\/?page_id=7"},"modified":"2025-10-15T08:34:57","modified_gmt":"2025-10-15T08:34:57","slug":"etusivu","status":"publish","type":"page","link":"https:\/\/jm-valu.fi\/en\/","title":{"rendered":"Home"},"content":{"rendered":"<div data-elementor-type=\"wp-post\" data-elementor-id=\"7\" class=\"elementor elementor-7\" data-elementor-post-type=\"page\">\n\t\t\t\t\t\t<section class=\"elementor-section elementor-top-section elementor-element elementor-element-bf28eeb elementor-section-full_width elementor-section-stretched elementor-section-height-default elementor-section-height-default\" data-id=\"bf28eeb\" data-element_type=\"section\" data-e-type=\"section\" data-settings=\"{&quot;stretch_section&quot;:&quot;section-stretched&quot;}\">\n\t\t\t\t\t\t<div class=\"elementor-container elementor-column-gap-default\">\n\t\t\t\t\t<div class=\"elementor-column elementor-col-100 elementor-top-column elementor-element elementor-element-6fdad2e\" data-id=\"6fdad2e\" data-element_type=\"column\" data-e-type=\"column\">\n\t\t\t<div class=\"elementor-widget-wrap elementor-element-populated\">\n\t\t\t\t\t\t<div class=\"elementor-element elementor-element-9e02c6d elementor--h-position-center elementor--v-position-middle elementor-arrows-position-inside elementor-pagination-position-inside elementor-widget elementor-widget-slides\" data-id=\"9e02c6d\" data-element_type=\"widget\" data-e-type=\"widget\" data-settings=\"{&quot;navigation&quot;:&quot;both&quot;,&quot;autoplay&quot;:&quot;yes&quot;,&quot;pause_on_hover&quot;:&quot;yes&quot;,&quot;pause_on_interaction&quot;:&quot;yes&quot;,&quot;autoplay_speed&quot;:5000,&quot;infinite&quot;:&quot;yes&quot;,&quot;transition&quot;:&quot;slide&quot;,&quot;transition_speed&quot;:500}\" data-widget_type=\"slides.default\">\n\t\t\t\t<div class=\"elementor-widget-container\">\n\t\t\t\t\t\t\t\t\t<div class=\"elementor-swiper\">\n\t\t\t\t\t<div class=\"elementor-slides-wrapper elementor-main-swiper swiper\" role=\"region\" aria-roledescription=\"carousel\" aria-label=\"Slides\" dir=\"ltr\" data-animation=\"fadeInUp\">\n\t\t\t\t<div class=\"swiper-wrapper elementor-slides\">\n\t\t\t\t\t\t\t\t\t\t<div class=\"elementor-repeater-item-e10df32 swiper-slide\" role=\"group\" aria-roledescription=\"slide\"><div class=\"swiper-slide-bg\" role=\"img\" aria-label=\"JM-Valu Oy. Fire fittings\"><\/div><div class=\"elementor-background-overlay\"><\/div><div class=\"swiper-slide-inner\" ><div class=\"swiper-slide-contents\"><h2 class=\"elementor-slide-heading\">JM-VALU OY - Leading manufacturer of Finnish fire fittings (SFS).<\/h2><\/div><\/div><\/div><div class=\"elementor-repeater-item-36df54f swiper-slide\" role=\"group\" aria-roledescription=\"slide\"><div class=\"swiper-slide-bg\" role=\"img\" aria-label=\"JM-Valu Oy. Full-service brass and aluminum foundry.\"><\/div><div class=\"elementor-background-overlay\"><\/div><div class=\"swiper-slide-inner\" ><div class=\"swiper-slide-contents\"><h2 class=\"elementor-slide-heading\">JM-VALU OY - aluminum and brass couplings<\/h2><\/div><\/div><\/div><div class=\"elementor-repeater-item-30fb298 swiper-slide\" role=\"group\" aria-roledescription=\"slide\"><div class=\"swiper-slide-bg\" role=\"img\" aria-label=\"JM-Valu Oy. Domestic fire fittings.\"><\/div><div class=\"elementor-background-overlay\"><\/div><div class=\"swiper-slide-inner\" ><div class=\"swiper-slide-contents\"><h2 class=\"elementor-slide-heading\">JM-VALU OY - Finnish (SFS) fire fittings directly from the manufacturer<\/h2><\/div><\/div><\/div><div class=\"elementor-repeater-item-2cbd295 swiper-slide\" role=\"group\" aria-roledescription=\"slide\"><div class=\"swiper-slide-bg\" role=\"img\" aria-label=\"JM-Valu Oy. Domestic fire fittings.\"><\/div><div class=\"elementor-background-overlay\"><\/div><div class=\"swiper-slide-inner\" ><div class=\"swiper-slide-contents\"><h2 class=\"elementor-slide-heading\">JM-VALU OY - We belong to the highest AAA credit category<\/h2><\/div><\/div><\/div>\t\t\t\t<\/div>\n\t\t\t\t\t\t\t\t\t\t\t\t\t\t\t<div class=\"elementor-swiper-button elementor-swiper-button-prev\" role=\"button\" tabindex=\"0\" aria-label=\"F\u00f6reg\u00e5ende bild\" data-no-translation-aria-label=\"\">\n\t\t\t\t\t\t\t<i aria-hidden=\"true\" class=\"eicon-chevron-left\"><\/i>\t\t\t\t\t\t<\/div>\n\t\t\t\t\t\t<div class=\"elementor-swiper-button elementor-swiper-button-next\" role=\"button\" tabindex=\"0\" aria-label=\"N\u00e4sta bild\" data-no-translation-aria-label=\"\">\n\t\t\t\t\t\t\t<i aria-hidden=\"true\" class=\"eicon-chevron-right\"><\/i>\t\t\t\t\t\t<\/div>\n\t\t\t\t\t\t\t\t\t\t\t\t\t\t\t\t<div class=\"swiper-pagination\"><\/div>\n\t\t\t\t\t\t\t\t\t\t\t\t<\/div>\n\t\t\t\t<\/div>\n\t\t\t\t\t\t\t\t<\/div>\n\t\t\t\t<\/div>\n\t\t\t\t\t<\/div>\n\t\t<\/div>\n\t\t\t\t\t<\/div>\n\t\t<\/section>\n\t\t\t\t<section class=\"elementor-section elementor-top-section elementor-element elementor-element-4aa30ae elementor-section-boxed elementor-section-height-default elementor-section-height-default\" data-id=\"4aa30ae\" data-element_type=\"section\" data-e-type=\"section\">\n\t\t\t\t\t\t<div class=\"elementor-container elementor-column-gap-default\">\n\t\t\t\t\t<div class=\"elementor-column elementor-col-50 elementor-top-column elementor-element elementor-element-d479935\" data-id=\"d479935\" data-element_type=\"column\" data-e-type=\"column\">\n\t\t\t<div class=\"elementor-widget-wrap elementor-element-populated\">\n\t\t\t\t\t\t<div class=\"elementor-element elementor-element-a52dea1 elementor-widget elementor-widget-heading\" data-id=\"a52dea1\" data-element_type=\"widget\" data-e-type=\"widget\" data-widget_type=\"heading.default\">\n\t\t\t\t<div class=\"elementor-widget-container\">\n\t\t\t\t\t<h2 class=\"elementor-heading-title elementor-size-default\">Finnish fire fittings (SFS)<\/h2>\t\t\t\t<\/div>\n\t\t\t\t<\/div>\n\t\t\t\t<div class=\"elementor-element elementor-element-3e1f72c elementor-widget elementor-widget-text-editor\" data-id=\"3e1f72c\" data-element_type=\"widget\" data-e-type=\"widget\" data-widget_type=\"text-editor.default\">\n\t\t\t\t<div class=\"elementor-widget-container\">\n\t\t\t\t\t\t\t\t\t<p>JM-Valu Oy is Finland's leading manufacturer of domestic fire couplings. Our selection of high-quality fire couplings includes both aluminum and brass couplings, and all directly from our warehouse.<\/p><p>If there are no connectors in our selection that meet our customers' needs, thanks to our own mold design and manufacturing, we are able to develop a new product, even in a few days.<\/p>\t\t\t\t\t\t\t\t<\/div>\n\t\t\t\t<\/div>\n\t\t\t\t<div class=\"elementor-element elementor-element-e008e8e elementor-widget elementor-widget-button\" data-id=\"e008e8e\" data-element_type=\"widget\" data-e-type=\"widget\" data-widget_type=\"button.default\">\n\t\t\t\t<div class=\"elementor-widget-container\">\n\t\t\t\t\t\t\t\t\t<div class=\"elementor-button-wrapper\">\n\t\t\t\t\t<a class=\"elementor-button elementor-button-link elementor-size-sm\" href=\"https:\/\/jm-valu.fi\/en\/products\/\">\n\t\t\t\t\t\t<span class=\"elementor-button-content-wrapper\">\n\t\t\t\t\t\t\t\t\t<span class=\"elementor-button-text\">See products<\/span>\n\t\t\t\t\t<\/span>\n\t\t\t\t\t<\/a>\n\t\t\t\t<\/div>\n\t\t\t\t\t\t\t\t<\/div>\n\t\t\t\t<\/div>\n\t\t\t\t\t<\/div>\n\t\t<\/div>\n\t\t\t\t<div class=\"elementor-column elementor-col-50 elementor-top-column elementor-element elementor-element-20b3a9b\" data-id=\"20b3a9b\" data-element_type=\"column\" data-e-type=\"column\">\n\t\t\t<div class=\"elementor-widget-wrap elementor-element-populated\">\n\t\t\t\t\t\t<div class=\"elementor-element elementor-element-abd84ef elementor-widget elementor-widget-image\" data-id=\"abd84ef\" data-element_type=\"widget\" data-e-type=\"widget\" data-widget_type=\"image.default\">\n\t\t\t\t<div class=\"elementor-widget-container\">\n\t\t\t\t\t\t\t\t\t\t\t\t\t\t\t<img fetchpriority=\"high\" decoding=\"async\" width=\"800\" height=\"800\" src=\"https:\/\/jm-valu.fi\/wp-content\/uploads\/2023\/06\/kotimaiset_paloliittimet-tuotteet-jmvaluoy_1500x1500-1024x1024.jpg\" class=\"attachment-large size-large wp-image-1331\" alt=\"JM-Valu Oy. Finnish fire fittings (SFS)\" srcset=\"https:\/\/jm-valu.fi\/wp-content\/uploads\/2023\/06\/kotimaiset_paloliittimet-tuotteet-jmvaluoy_1500x1500-1024x1024.jpg 1024w, https:\/\/jm-valu.fi\/wp-content\/uploads\/2023\/06\/kotimaiset_paloliittimet-tuotteet-jmvaluoy_1500x1500-300x300.jpg 300w, https:\/\/jm-valu.fi\/wp-content\/uploads\/2023\/06\/kotimaiset_paloliittimet-tuotteet-jmvaluoy_1500x1500-150x150.jpg 150w, https:\/\/jm-valu.fi\/wp-content\/uploads\/2023\/06\/kotimaiset_paloliittimet-tuotteet-jmvaluoy_1500x1500-768x768.jpg 768w, https:\/\/jm-valu.fi\/wp-content\/uploads\/2023\/06\/kotimaiset_paloliittimet-tuotteet-jmvaluoy_1500x1500-12x12.jpg 12w, https:\/\/jm-valu.fi\/wp-content\/uploads\/2023\/06\/kotimaiset_paloliittimet-tuotteet-jmvaluoy_1500x1500-600x600.jpg 600w, https:\/\/jm-valu.fi\/wp-content\/uploads\/2023\/06\/kotimaiset_paloliittimet-tuotteet-jmvaluoy_1500x1500-100x100.jpg 100w, https:\/\/jm-valu.fi\/wp-content\/uploads\/2023\/06\/kotimaiset_paloliittimet-tuotteet-jmvaluoy_1500x1500.jpg 1500w\" sizes=\"(max-width: 800px) 100vw, 800px\" title=\"\">\t\t\t\t\t\t\t\t\t\t\t\t\t\t\t<\/div>\n\t\t\t\t<\/div>\n\t\t\t\t\t<\/div>\n\t\t<\/div>\n\t\t\t\t\t<\/div>\n\t\t<\/section>\n\t\t\t\t<section class=\"elementor-section elementor-top-section elementor-element elementor-element-6781e8c elementor-section-boxed elementor-section-height-default elementor-section-height-default\" data-id=\"6781e8c\" data-element_type=\"section\" data-e-type=\"section\">\n\t\t\t\t\t\t<div class=\"elementor-container elementor-column-gap-default\">\n\t\t\t\t\t<div class=\"elementor-column elementor-col-100 elementor-top-column elementor-element elementor-element-abfeeb1\" data-id=\"abfeeb1\" data-element_type=\"column\" data-e-type=\"column\">\n\t\t\t<div class=\"elementor-widget-wrap elementor-element-populated\">\n\t\t\t\t\t\t<div class=\"elementor-element elementor-element-3397266 elementor-widget elementor-widget-heading\" data-id=\"3397266\" data-element_type=\"widget\" data-e-type=\"widget\" data-widget_type=\"heading.default\">\n\t\t\t\t<div class=\"elementor-widget-container\">\n\t\t\t\t\t<h2 class=\"elementor-heading-title elementor-size-default\">Finnish family business<\/h2>\t\t\t\t<\/div>\n\t\t\t\t<\/div>\n\t\t\t\t<div class=\"elementor-element elementor-element-3415061 elementor-widget elementor-widget-text-editor\" data-id=\"3415061\" data-element_type=\"widget\" data-e-type=\"widget\" data-widget_type=\"text-editor.default\">\n\t\t\t\t<div class=\"elementor-widget-container\">\n\t\t\t\t\t\t\t\t\t<p>The fire couplings manufactured by JM-Valu are domestic work.<\/p><p>Quality is a matter of honor for us and in the manufacture of connectors we pay special attention not only to high quality but also to safety. The aluminum we use is domestic. By buying connectors manufactured on the other side of the world, you may not know how responsibly and how safe the products have been manufactured.<\/p><p>By purchasing fire connectors manufactured by JM-Valu, you are supporting domestic quality work and can be sure that the products are of high quality and manufactured with careful consideration for environmental aspects. JM-Valu Oy&#039;s products are manufactured using only certified, 100% carbon-neutral renewable energy.<\/p><p>Our fire fittings comply with standard SFS 3798, and they have been tested by VTT Expert Services Oy in accordance with point F7 of standard SFS-EN 671-1 (VTT-S-05218-15).<br \/>Almost all fire couplings we manufacture are intended for use only on the pressure side. The exception is the four-inch fire fittings, which are equipped with a suction\/pressure seal. They are suitable for use on both the pressure and suction sides.<\/p><p><strong>All JM-Valu's fire couplings are immediately available as stock products.<\/strong><\/p>\t\t\t\t\t\t\t\t<\/div>\n\t\t\t\t<\/div>\n\t\t\t\t\t<\/div>\n\t\t<\/div>\n\t\t\t\t\t<\/div>\n\t\t<\/section>\n\t\t\t\t<section class=\"elementor-section elementor-top-section elementor-element elementor-element-0a6c44f elementor-section-boxed elementor-section-height-default elementor-section-height-default\" data-id=\"0a6c44f\" data-element_type=\"section\" data-e-type=\"section\">\n\t\t\t\t\t\t<div class=\"elementor-container elementor-column-gap-default\">\n\t\t\t\t\t<div class=\"elementor-column elementor-col-50 elementor-top-column elementor-element elementor-element-803152f\" data-id=\"803152f\" data-element_type=\"column\" data-e-type=\"column\">\n\t\t\t<div class=\"elementor-widget-wrap elementor-element-populated\">\n\t\t\t\t\t\t<div class=\"elementor-element elementor-element-2159fb2 elementor-widget elementor-widget-image\" data-id=\"2159fb2\" data-element_type=\"widget\" data-e-type=\"widget\" data-widget_type=\"image.default\">\n\t\t\t\t<div class=\"elementor-widget-container\">\n\t\t\t\t\t\t\t\t\t\t\t\t\t\t\t<img decoding=\"async\" width=\"800\" height=\"800\" src=\"https:\/\/jm-valu.fi\/wp-content\/uploads\/2023\/05\/jm-valu_ymparisto.jpg\" class=\"attachment-large size-large wp-image-960\" alt=\"JM-Valu Oy. Domestic fire fittings.\" srcset=\"https:\/\/jm-valu.fi\/wp-content\/uploads\/2023\/05\/jm-valu_ymparisto.jpg 1024w, https:\/\/jm-valu.fi\/wp-content\/uploads\/2023\/05\/jm-valu_ymparisto-300x300.jpg 300w, https:\/\/jm-valu.fi\/wp-content\/uploads\/2023\/05\/jm-valu_ymparisto-150x150.jpg 150w, https:\/\/jm-valu.fi\/wp-content\/uploads\/2023\/05\/jm-valu_ymparisto-768x768.jpg 768w, https:\/\/jm-valu.fi\/wp-content\/uploads\/2023\/05\/jm-valu_ymparisto-600x600.jpg 600w, https:\/\/jm-valu.fi\/wp-content\/uploads\/2023\/05\/jm-valu_ymparisto-100x100.jpg 100w\" sizes=\"(max-width: 800px) 100vw, 800px\" title=\"\">\t\t\t\t\t\t\t\t\t\t\t\t\t\t\t<\/div>\n\t\t\t\t<\/div>\n\t\t\t\t\t<\/div>\n\t\t<\/div>\n\t\t\t\t<div class=\"elementor-column elementor-col-50 elementor-top-column elementor-element elementor-element-1541ab8\" data-id=\"1541ab8\" data-element_type=\"column\" data-e-type=\"column\">\n\t\t\t<div class=\"elementor-widget-wrap elementor-element-populated\">\n\t\t\t\t\t\t<div class=\"elementor-element elementor-element-cec0dba elementor-widget elementor-widget-heading\" data-id=\"cec0dba\" data-element_type=\"widget\" data-e-type=\"widget\" data-widget_type=\"heading.default\">\n\t\t\t\t<div class=\"elementor-widget-container\">\n\t\t\t\t\t<h3 class=\"elementor-heading-title elementor-size-default\">Enviroment<\/h3>\t\t\t\t<\/div>\n\t\t\t\t<\/div>\n\t\t\t\t<div class=\"elementor-element elementor-element-3248fdd elementor-widget elementor-widget-text-editor\" data-id=\"3248fdd\" data-element_type=\"widget\" data-e-type=\"widget\" data-widget_type=\"text-editor.default\">\n\t\t\t\t<div class=\"elementor-widget-container\">\n\t\t\t\t\t\t\t\t\t<p>Environmental issues play a central role in all of JM-Valu Oy&#039;s operations, as a clean environment is particularly important to all of us. The environmental impact of production should be taken into account in all production stages. At JM-Valu, we want to do our part to ensure the cleanliness of nature by paying special attention to the environmental friendliness of our production, and we take responsibility for a cleaner tomorrow. JM-Valu Oy&#039;s products are manufactured using only certified, 100% carbon-neutral renewable energy.<\/p>\t\t\t\t\t\t\t\t<\/div>\n\t\t\t\t<\/div>\n\t\t\t\t<div class=\"elementor-element elementor-element-8e3f84a elementor-widget elementor-widget-button\" data-id=\"8e3f84a\" data-element_type=\"widget\" data-e-type=\"widget\" data-widget_type=\"button.default\">\n\t\t\t\t<div class=\"elementor-widget-container\">\n\t\t\t\t\t\t\t\t\t<div class=\"elementor-button-wrapper\">\n\t\t\t\t\t<a class=\"elementor-button elementor-button-link elementor-size-sm\" href=\"https:\/\/jm-valu.fi\/en\/surroundings\/\">\n\t\t\t\t\t\t<span class=\"elementor-button-content-wrapper\">\n\t\t\t\t\t\t\t\t\t<span class=\"elementor-button-text\">Read more<\/span>\n\t\t\t\t\t<\/span>\n\t\t\t\t\t<\/a>\n\t\t\t\t<\/div>\n\t\t\t\t\t\t\t\t<\/div>\n\t\t\t\t<\/div>\n\t\t\t\t\t<\/div>\n\t\t<\/div>\n\t\t\t\t\t<\/div>\n\t\t<\/section>\n\t\t\t\t<\/div>","protected":false},"excerpt":{"rendered":"<p>JM-VALU OY &#8211; Johtava Suomalaisten paloliittimien (SFS) valmistaja JM-VALU OY &#8211; valut alumiinista ja messingist\u00e4 JM-VALU OY &#8211; Suomalaiset (SFS) paloliittimet suoraan valmistajalta JM-VALU OY &#8211; Kuulumme korkeimpaan AAA-luottoluokkaan Suomalaiset paloliittimet (SFS) JM-Valu Oy on johtava Suomalaisten paloliittimien (SFS) valmistaja. Laadukkaiden paloliittimiemme valikoimasta l\u00f6ytyv\u00e4t sek\u00e4 alumiiniset ett\u00e4 messinkiset liittimet, ja kaikki suoraan varastostamme. Jos valikoimastamme [&hellip;]<\/p>\n","protected":false},"author":1,"featured_media":0,"parent":0,"menu_order":0,"comment_status":"closed","ping_status":"closed","template":"","meta":{"_acf_changed":false,"inline_featured_image":false,"footnotes":""},"class_list":["post-7","page","type-page","status-publish","hentry"],"acf":[],"_links":{"self":[{"href":"https:\/\/jm-valu.fi\/en\/wp-json\/wp\/v2\/pages\/7","targetHints":{"allow":["GET"]}}],"collection":[{"href":"https:\/\/jm-valu.fi\/en\/wp-json\/wp\/v2\/pages"}],"about":[{"href":"https:\/\/jm-valu.fi\/en\/wp-json\/wp\/v2\/types\/page"}],"author":[{"embeddable":true,"href":"https:\/\/jm-valu.fi\/en\/wp-json\/wp\/v2\/users\/1"}],"replies":[{"embeddable":true,"href":"https:\/\/jm-valu.fi\/en\/wp-json\/wp\/v2\/comments?post=7"}],"version-history":[{"count":263,"href":"https:\/\/jm-valu.fi\/en\/wp-json\/wp\/v2\/pages\/7\/revisions"}],"predecessor-version":[{"id":2529,"href":"https:\/\/jm-valu.fi\/en\/wp-json\/wp\/v2\/pages\/7\/revisions\/2529"}],"wp:attachment":[{"href":"https:\/\/jm-valu.fi\/en\/wp-json\/wp\/v2\/media?parent=7"}],"curies":[{"name":"wp","href":"https:\/\/api.w.org\/{rel}","templated":true}]}}