{"id":163,"date":"2023-04-11T15:58:16","date_gmt":"2023-04-11T15:58:16","guid":{"rendered":"https:\/\/jm-valu.fi\/?page_id=163"},"modified":"2025-01-17T09:09:50","modified_gmt":"2025-01-17T09:09:50","slug":"ymparisto","status":"publish","type":"page","link":"https:\/\/jm-valu.fi\/en\/surroundings\/","title":{"rendered":"Enviroment"},"content":{"rendered":"<div data-elementor-type=\"wp-page\" data-elementor-id=\"163\" class=\"elementor elementor-163\" data-elementor-post-type=\"page\">\n\t\t\t\t\t\t<section class=\"elementor-section elementor-top-section elementor-element elementor-element-4044950 elementor-section-height-min-height elementor-section-stretched elementor-section-boxed elementor-section-height-default elementor-section-items-middle\" data-id=\"4044950\" data-element_type=\"section\" data-e-type=\"section\" data-settings=\"{&quot;stretch_section&quot;:&quot;section-stretched&quot;,&quot;background_background&quot;:&quot;classic&quot;}\">\n\t\t\t\t\t\t\t<div class=\"elementor-background-overlay\"><\/div>\n\t\t\t\t\t\t\t<div class=\"elementor-container elementor-column-gap-default\">\n\t\t\t\t\t<div class=\"elementor-column elementor-col-100 elementor-top-column elementor-element elementor-element-db01072\" data-id=\"db01072\" data-element_type=\"column\" data-e-type=\"column\">\n\t\t\t<div class=\"elementor-widget-wrap elementor-element-populated\">\n\t\t\t\t\t\t<div class=\"elementor-element elementor-element-dd8bb88 elementor-widget elementor-widget-heading\" data-id=\"dd8bb88\" data-element_type=\"widget\" data-e-type=\"widget\" data-widget_type=\"heading.default\">\n\t\t\t\t<div class=\"elementor-widget-container\">\n\t\t\t\t\t<h2 class=\"elementor-heading-title elementor-size-default\">Responsible metal foundry<\/h2>\t\t\t\t<\/div>\n\t\t\t\t<\/div>\n\t\t\t\t\t<\/div>\n\t\t<\/div>\n\t\t\t\t\t<\/div>\n\t\t<\/section>\n\t\t\t\t<section class=\"elementor-section elementor-top-section elementor-element elementor-element-fdfd58f elementor-section-boxed elementor-section-height-default elementor-section-height-default\" data-id=\"fdfd58f\" data-element_type=\"section\" data-e-type=\"section\">\n\t\t\t\t\t\t<div class=\"elementor-container elementor-column-gap-default\">\n\t\t\t\t\t<div class=\"elementor-column elementor-col-100 elementor-top-column elementor-element elementor-element-eb700c9\" data-id=\"eb700c9\" data-element_type=\"column\" data-e-type=\"column\">\n\t\t\t<div class=\"elementor-widget-wrap elementor-element-populated\">\n\t\t\t\t\t\t<div class=\"elementor-element elementor-element-61a5fee elementor-widget elementor-widget-heading\" data-id=\"61a5fee\" data-element_type=\"widget\" data-e-type=\"widget\" data-widget_type=\"heading.default\">\n\t\t\t\t<div class=\"elementor-widget-container\">\n\t\t\t\t\t<h3 class=\"elementor-heading-title elementor-size-default\">JM-Valu Oy internally recycles all metal shavings generated in its production.<\/h3>\t\t\t\t<\/div>\n\t\t\t\t<\/div>\n\t\t\t\t<div class=\"elementor-element elementor-element-cff9a39 elementor-widget-divider--view-line elementor-widget elementor-widget-divider\" data-id=\"cff9a39\" data-element_type=\"widget\" data-e-type=\"widget\" data-widget_type=\"divider.default\">\n\t\t\t\t<div class=\"elementor-widget-container\">\n\t\t\t\t\t\t\t<div class=\"elementor-divider\">\n\t\t\t<span class=\"elementor-divider-separator\">\n\t\t\t\t\t\t<\/span>\n\t\t<\/div>\n\t\t\t\t\t\t<\/div>\n\t\t\t\t<\/div>\n\t\t\t\t\t<\/div>\n\t\t<\/div>\n\t\t\t\t\t<\/div>\n\t\t<\/section>\n\t\t\t\t<section class=\"elementor-section elementor-top-section elementor-element elementor-element-04198f5 elementor-section-boxed elementor-section-height-default elementor-section-height-default\" data-id=\"04198f5\" data-element_type=\"section\" data-e-type=\"section\">\n\t\t\t\t\t\t<div class=\"elementor-container elementor-column-gap-default\">\n\t\t\t\t\t<div class=\"elementor-column elementor-col-50 elementor-top-column elementor-element elementor-element-33623e5\" data-id=\"33623e5\" data-element_type=\"column\" data-e-type=\"column\">\n\t\t\t<div class=\"elementor-widget-wrap elementor-element-populated\">\n\t\t\t\t\t\t<div class=\"elementor-element elementor-element-1586904 elementor-widget elementor-widget-heading\" data-id=\"1586904\" data-element_type=\"widget\" data-e-type=\"widget\" data-widget_type=\"heading.default\">\n\t\t\t\t<div class=\"elementor-widget-container\">\n\t\t\t\t\t<h3 class=\"elementor-heading-title elementor-size-default\">We care about the environment<\/h3>\t\t\t\t<\/div>\n\t\t\t\t<\/div>\n\t\t\t\t<div class=\"elementor-element elementor-element-8ce5e35 elementor-widget elementor-widget-text-editor\" data-id=\"8ce5e35\" data-element_type=\"widget\" data-e-type=\"widget\" data-widget_type=\"text-editor.default\">\n\t\t\t\t<div class=\"elementor-widget-container\">\n\t\t\t\t\t\t\t\t\t<p>Environmental issues play a central role in all of JM-Valu Oy&#039;s operations, as a clean environment is particularly important to all of us. The environmental impact of production should be taken into account in all production stages.<\/p><p>At JM-Valu, we want to do our part to ensure the purity of nature by paying special attention to the environmental friendliness of our production and we take responsibility for a cleaner tomorrow. JM-Valu Oy&#039;s products are manufactured using only certified, 100% carbon-neutral renewable energy.<\/p><p>By recycling, reusing and utilizing materials, we can save natural resources. At the same time, we reduce energy consumption and the amount of waste, and their harmful environmental effects. JM-Valu Oy&#039;s operating philosophy is to utilize materials as efficiently as possible without unnecessarily burdening nature. \u00a0<br \/>Each of us can influence the well-being of the environment with our own choices.<\/p>\t\t\t\t\t\t\t\t<\/div>\n\t\t\t\t<\/div>\n\t\t\t\t<div class=\"elementor-element elementor-element-c5de67b elementor-widget elementor-widget-button\" data-id=\"c5de67b\" data-element_type=\"widget\" data-e-type=\"widget\" data-widget_type=\"button.default\">\n\t\t\t\t<div class=\"elementor-widget-container\">\n\t\t\t\t\t\t\t\t\t<div class=\"elementor-button-wrapper\">\n\t\t\t\t\t<a class=\"elementor-button elementor-button-link elementor-size-sm\" href=\"https:\/\/jm-valu.fi\/wp-content\/uploads\/2025\/01\/JM-Valu-Oy-Sertifikaatti-scaled.jpg\" target=\"_blank\">\n\t\t\t\t\t\t<span class=\"elementor-button-content-wrapper\">\n\t\t\t\t\t\t\t\t\t<span class=\"elementor-button-text\">Renewable energy certificate<\/span>\n\t\t\t\t\t<\/span>\n\t\t\t\t\t<\/a>\n\t\t\t\t<\/div>\n\t\t\t\t\t\t\t\t<\/div>\n\t\t\t\t<\/div>\n\t\t\t\t<div class=\"elementor-element elementor-element-c0fa0e5 elementor-widget elementor-widget-image\" data-id=\"c0fa0e5\" data-element_type=\"widget\" data-e-type=\"widget\" data-widget_type=\"image.default\">\n\t\t\t\t<div class=\"elementor-widget-container\">\n\t\t\t\t\t\t\t\t\t\t\t\t\t\t\t<img fetchpriority=\"high\" decoding=\"async\" width=\"270\" height=\"235\" src=\"https:\/\/jm-valu.fi\/wp-content\/uploads\/2024\/01\/JM-VALU-BVCER_SansQR-ISO-9001-14001.jpg\" class=\"attachment-large size-large wp-image-2039\" alt=\"JM-Valu Oy BVCER_SansQR-ISO-9001-14001\" srcset=\"https:\/\/jm-valu.fi\/wp-content\/uploads\/2024\/01\/JM-VALU-BVCER_SansQR-ISO-9001-14001.jpg 270w, https:\/\/jm-valu.fi\/wp-content\/uploads\/2024\/01\/JM-VALU-BVCER_SansQR-ISO-9001-14001-14x12.jpg 14w\" sizes=\"(max-width: 270px) 100vw, 270px\" title=\"\">\t\t\t\t\t\t\t\t\t\t\t\t\t\t\t<\/div>\n\t\t\t\t<\/div>\n\t\t\t\t<div class=\"elementor-element elementor-element-5c0d478 elementor-widget elementor-widget-heading\" data-id=\"5c0d478\" data-element_type=\"widget\" data-e-type=\"widget\" data-widget_type=\"heading.default\">\n\t\t\t\t<div class=\"elementor-widget-container\">\n\t\t\t\t\t<h3 class=\"elementor-heading-title elementor-size-default\">Certified<\/h3>\t\t\t\t<\/div>\n\t\t\t\t<\/div>\n\t\t\t\t<div class=\"elementor-element elementor-element-6b39729 elementor-widget elementor-widget-text-editor\" data-id=\"6b39729\" data-element_type=\"widget\" data-e-type=\"widget\" data-widget_type=\"text-editor.default\">\n\t\t\t\t<div class=\"elementor-widget-container\">\n\t\t\t\t\t\t\t\t\t<p>JM-Valu Oy's products are manufactured in accordance with quality and environmental system control, which meets ISO 9001:2015 and ISO 14001:2015 requirements and is certified by Bureau Veritas Certification with certificate number: FIHSK8898372AB.<\/p>\t\t\t\t\t\t\t\t<\/div>\n\t\t\t\t<\/div>\n\t\t\t\t\t<\/div>\n\t\t<\/div>\n\t\t\t\t<div class=\"elementor-column elementor-col-50 elementor-top-column elementor-element elementor-element-65cb87f\" data-id=\"65cb87f\" data-element_type=\"column\" data-e-type=\"column\">\n\t\t\t<div class=\"elementor-widget-wrap elementor-element-populated\">\n\t\t\t\t\t\t<div class=\"elementor-element elementor-element-caf1c6c elementor-widget elementor-widget-image\" data-id=\"caf1c6c\" data-element_type=\"widget\" data-e-type=\"widget\" data-widget_type=\"image.default\">\n\t\t\t\t<div class=\"elementor-widget-container\">\n\t\t\t\t\t\t\t\t\t\t\t\t\t\t\t<img decoding=\"async\" width=\"580\" height=\"225\" src=\"https:\/\/jm-valu.fi\/wp-content\/uploads\/2023\/11\/brigettikuvat_jm_valu_messinki.jpeg\" class=\"attachment-large size-large wp-image-1727\" alt=\"JM-Valu Oy. Fire fittings\" srcset=\"https:\/\/jm-valu.fi\/wp-content\/uploads\/2023\/11\/brigettikuvat_jm_valu_messinki.jpeg 580w, https:\/\/jm-valu.fi\/wp-content\/uploads\/2023\/11\/brigettikuvat_jm_valu_messinki-300x116.jpeg 300w, https:\/\/jm-valu.fi\/wp-content\/uploads\/2023\/11\/brigettikuvat_jm_valu_messinki-18x7.jpeg 18w\" sizes=\"(max-width: 580px) 100vw, 580px\" title=\"\">\t\t\t\t\t\t\t\t\t\t\t\t\t\t\t<\/div>\n\t\t\t\t<\/div>\n\t\t\t\t<div class=\"elementor-element elementor-element-86bb4c9 elementor-widget elementor-widget-heading\" data-id=\"86bb4c9\" data-element_type=\"widget\" data-e-type=\"widget\" data-widget_type=\"heading.default\">\n\t\t\t\t<div class=\"elementor-widget-container\">\n\t\t\t\t\t<h3 class=\"elementor-heading-title elementor-size-default\">We recycle all metal shavings generated in our production<\/h3>\t\t\t\t<\/div>\n\t\t\t\t<\/div>\n\t\t\t\t<div class=\"elementor-element elementor-element-80085d3 elementor-widget elementor-widget-text-editor\" data-id=\"80085d3\" data-element_type=\"widget\" data-e-type=\"widget\" data-widget_type=\"text-editor.default\">\n\t\t\t\t<div class=\"elementor-widget-container\">\n\t\t\t\t\t\t\t\t\t<p>Almost all cast products require machining after casting. The metal shavings produced during machining contain a lot of cutting fluid. Machining chips as such cannot be put to good use \/ remelted, because during the melting process, the chips react with air and mostly turn into slag - thus not a usable raw material. - For this reason, the waste of material would be really big. Due to the cutting fluids contained in machining chips, melting untreated chips also pollutes the environment.<\/p><p>Thanks to our own briquetting equipment, the chipping liquid bound to the chips during machining can be separated and thus also put to good use. The chipping fluids move from the briquetting equipment back to the chipping fluid tanks of the machine tools and return directly back to production. Remelting briquetted chips also requires less energy than melting untreated chips.<\/p><p>Our own briquetting equipment makes it possible that the chips do not have to be transported by road for further processing, but the processing of the chips takes place as part of our own production process. Our briquetted chips immediately circulate back to the melting furnaces to be melted.<\/p><p><strong>The recycling rate of the raw materials we use is over 90 %.<\/strong><\/p>\t\t\t\t\t\t\t\t<\/div>\n\t\t\t\t<\/div>\n\t\t\t\t<div class=\"elementor-element elementor-element-4bc0ffb elementor-widget elementor-widget-image\" data-id=\"4bc0ffb\" data-element_type=\"widget\" data-e-type=\"widget\" data-widget_type=\"image.default\">\n\t\t\t\t<div class=\"elementor-widget-container\">\n\t\t\t\t\t\t\t\t\t\t\t\t\t\t\t<img decoding=\"async\" width=\"580\" height=\"225\" src=\"https:\/\/jm-valu.fi\/wp-content\/uploads\/2023\/11\/brigettikuvat_jm_valu_alumiini.jpeg\" class=\"attachment-large size-large wp-image-1728\" alt=\"JM-Valu Oy. Fire fittings\" srcset=\"https:\/\/jm-valu.fi\/wp-content\/uploads\/2023\/11\/brigettikuvat_jm_valu_alumiini.jpeg 580w, https:\/\/jm-valu.fi\/wp-content\/uploads\/2023\/11\/brigettikuvat_jm_valu_alumiini-300x116.jpeg 300w, https:\/\/jm-valu.fi\/wp-content\/uploads\/2023\/11\/brigettikuvat_jm_valu_alumiini-18x7.jpeg 18w\" sizes=\"(max-width: 580px) 100vw, 580px\" title=\"\">\t\t\t\t\t\t\t\t\t\t\t\t\t\t\t<\/div>\n\t\t\t\t<\/div>\n\t\t\t\t<div class=\"elementor-element elementor-element-b55cae3 elementor-widget elementor-widget-heading\" data-id=\"b55cae3\" data-element_type=\"widget\" data-e-type=\"widget\" data-widget_type=\"heading.default\">\n\t\t\t\t<div class=\"elementor-widget-container\">\n\t\t\t\t\t<h3 class=\"elementor-heading-title elementor-size-default\">Responsibility<\/h3>\t\t\t\t<\/div>\n\t\t\t\t<\/div>\n\t\t\t\t<div class=\"elementor-element elementor-element-5f972cc elementor-widget elementor-widget-text-editor\" data-id=\"5f972cc\" data-element_type=\"widget\" data-e-type=\"widget\" data-widget_type=\"text-editor.default\">\n\t\t\t\t<div class=\"elementor-widget-container\">\n\t\t\t\t\t\t\t\t\t<p>You can access our responsibility report from the link below.<\/p><p><a href=\"https:\/\/app.showyoursustainability.com\/susprogram?p=nmmPGiZ7Kpa0cERdanDihg==\" target=\"_blank\" rel=\"noopener\"><img loading=\"lazy\" decoding=\"async\" class=\"size-medium wp-image-2157 alignleft\" src=\"https:\/\/jm-valu.fi\/wp-content\/uploads\/2024\/03\/SYS_jm-valu-300x136.png\" alt=\"Show your Sustainability JM-Valu Oy - Finland\" width=\"300\" height=\"136\" title=\"\" srcset=\"https:\/\/jm-valu.fi\/wp-content\/uploads\/2024\/03\/SYS_jm-valu-300x136.png 300w, https:\/\/jm-valu.fi\/wp-content\/uploads\/2024\/03\/SYS_jm-valu-18x8.png 18w, https:\/\/jm-valu.fi\/wp-content\/uploads\/2024\/03\/SYS_jm-valu.png 323w\" sizes=\"(max-width: 300px) 100vw, 300px\" \/><\/a><\/p><p>\u00a0<\/p>\t\t\t\t\t\t\t\t<\/div>\n\t\t\t\t<\/div>\n\t\t\t\t\t<\/div>\n\t\t<\/div>\n\t\t\t\t\t<\/div>\n\t\t<\/section>\n\t\t\t\t<\/div>","protected":false},"excerpt":{"rendered":"<p>Vastuullinen metallivalimo JM-Valu Oy kierr\u00e4tt\u00e4\u00e4 yrityksen sis\u00e4isesti kaiken tuotannossaan syntyv\u00e4n metallilastun. Huolehdimme ymp\u00e4rist\u00f6st\u00e4 Ymp\u00e4rist\u00f6asioilla on keskeinen rooli kaikessa JM-Valu Oy:n toiminnassa, koska puhdas luonto on meille kaikille erityisen t\u00e4rke\u00e4. Kaikissa tuotannonvaiheissa tulisi ottaa huomioon tuotannon ymp\u00e4rist\u00f6kuormittavuus. Me JM-Valussa haluamme olla osaltamme huolehtimassa luonnon puhtaudesta, kiinnitt\u00e4m\u00e4ll\u00e4 erityist\u00e4 huomiota tuotantomme ymp\u00e4rist\u00f6yst\u00e4v\u00e4llisyyteen ja kannamme omalta osaltamme vastuuta puhtaammasta [&hellip;]<\/p>\n","protected":false},"author":1,"featured_media":0,"parent":0,"menu_order":0,"comment_status":"closed","ping_status":"closed","template":"","meta":{"_acf_changed":false,"inline_featured_image":false,"footnotes":""},"class_list":["post-163","page","type-page","status-publish","hentry"],"acf":[],"_links":{"self":[{"href":"https:\/\/jm-valu.fi\/en\/wp-json\/wp\/v2\/pages\/163","targetHints":{"allow":["GET"]}}],"collection":[{"href":"https:\/\/jm-valu.fi\/en\/wp-json\/wp\/v2\/pages"}],"about":[{"href":"https:\/\/jm-valu.fi\/en\/wp-json\/wp\/v2\/types\/page"}],"author":[{"embeddable":true,"href":"https:\/\/jm-valu.fi\/en\/wp-json\/wp\/v2\/users\/1"}],"replies":[{"embeddable":true,"href":"https:\/\/jm-valu.fi\/en\/wp-json\/wp\/v2\/comments?post=163"}],"version-history":[{"count":151,"href":"https:\/\/jm-valu.fi\/en\/wp-json\/wp\/v2\/pages\/163\/revisions"}],"predecessor-version":[{"id":2517,"href":"https:\/\/jm-valu.fi\/en\/wp-json\/wp\/v2\/pages\/163\/revisions\/2517"}],"wp:attachment":[{"href":"https:\/\/jm-valu.fi\/en\/wp-json\/wp\/v2\/media?parent=163"}],"curies":[{"name":"wp","href":"https:\/\/api.w.org\/{rel}","templated":true}]}}