{"id":1039,"date":"2023-06-02T08:38:16","date_gmt":"2023-06-02T08:38:16","guid":{"rendered":"https:\/\/jm-valu.fi\/quote-request\/"},"modified":"2024-12-17T19:29:59","modified_gmt":"2024-12-17T19:29:59","slug":"tiedustelu","status":"publish","type":"page","link":"https:\/\/jm-valu.fi\/en\/inquiry\/","title":{"rendered":"Inquiry"},"content":{"rendered":"<style id=\"wpforms-css-vars-369\">\n\t\t\t\t#wpforms-369 {\n\t\t\t\t\n\t\t\t}\n\t\t\t<\/style><div class=\"wpforms-container wpforms-container-full wpforms-render-modern\" id=\"wpforms-369\"><form id=\"wpforms-form-369\" class=\"wpforms-validate wpforms-form wpforms-ajax-form\" data-formid=\"369\" method=\"post\" enctype=\"multipart\/form-data\" action=\"\/en\/wp-json\/wp\/v2\/pages\/1039\" data-token=\"9109c1c92e932609a9ada5f1d44ccc56\" data-token-time=\"1776611270\"><noscript class=\"wpforms-error-noscript\">Please enable JavaScript in your browser to complete this form.<\/noscript><div id=\"wpforms-error-noscript\" style=\"display: none;\">Please enable JavaScript in your browser to complete this form.<\/div><div class=\"wpforms-field-container\"><div id=\"wpforms-369-field_0-container\" class=\"wpforms-field wpforms-field-name\" data-field-id=\"0\"><label class=\"wpforms-field-label\" for=\"wpforms-369-field_0\">ETU- JA SUKUNIMI <span class=\"wpforms-required-label\" aria-hidden=\"true\">*<\/span><\/label><input type=\"text\" id=\"wpforms-369-field_0\" class=\"wpforms-field-large wpforms-field-required\" name=\"wpforms[fields][0]\" placeholder=\"Etu- ja sukunimi\" aria-errormessage=\"wpforms-369-field_0-error\" required><\/div><div id=\"wpforms-369-field_1-container\" class=\"wpforms-field wpforms-field-email\" data-field-id=\"1\"><label class=\"wpforms-field-label\" for=\"wpforms-369-field_1\">S\u00c4HK\u00d6POSTIOSOITE <span class=\"wpforms-required-label\" aria-hidden=\"true\">*<\/span><\/label><input type=\"email\" id=\"wpforms-369-field_1\" class=\"wpforms-field-large wpforms-field-required\" name=\"wpforms[fields][1]\" placeholder=\"S\u00e4hk\u00f6postiosoite\" spellcheck=\"false\" aria-errormessage=\"wpforms-369-field_1-error\" required><\/div><div id=\"wpforms-369-field_3-container\" class=\"wpforms-field wpforms-field-text jmvalu-tuote\" data-field-id=\"3\"><label class=\"wpforms-field-label\" for=\"wpforms-369-field_3\">Tuote<\/label><input type=\"text\" id=\"wpforms-369-field_3\" class=\"wpforms-field-medium\" name=\"wpforms[fields][3]\" aria-errormessage=\"wpforms-369-field_3-error\" ><\/div><div id=\"wpforms-369-field_2-container\" class=\"wpforms-field wpforms-field-textarea\" data-field-id=\"2\"><label class=\"wpforms-field-label\" for=\"wpforms-369-field_2\">VIESTISI<\/label><textarea id=\"wpforms-369-field_2\" class=\"wpforms-field-medium\" name=\"wpforms[fields][2]\" placeholder=\"Viesti\" aria-errormessage=\"wpforms-369-field_2-error\" ><\/textarea><\/div><\/div><!-- .wpforms-field-container --><div class=\"wpforms-recaptcha-container wpforms-is-recaptcha wpforms-is-recaptcha-type-v3\" ><input type=\"hidden\" name=\"wpforms[recaptcha]\" value=\"\"><\/div><div class=\"wpforms-submit-container\" ><input type=\"hidden\" name=\"wpforms[id]\" value=\"369\"><input type=\"hidden\" name=\"page_title\" value=\"\"><input type=\"hidden\" name=\"page_url\" value=\"https:\/\/jm-valu.fi\/en\/wp-json\/wp\/v2\/pages\/1039\"><input type=\"hidden\" name=\"url_referer\" value=\"\"><button type=\"submit\" name=\"wpforms[submit]\" id=\"wpforms-submit-369\" class=\"wpforms-submit\" data-alt-text=\"L\u00c4HETET\u00c4\u00c4N...\" data-submit-text=\"L\u00c4HET\u00c4\" aria-live=\"assertive\" value=\"wpforms-submit\">L\u00c4HET\u00c4<\/button><img decoding=\"async\" src=\"https:\/\/jm-valu.fi\/wp-content\/plugins\/wpforms-lite\/assets\/images\/submit-spin.svg\" class=\"wpforms-submit-spinner\" style=\"display: none;\" width=\"26\" height=\"26\" alt=\"Loading\" title=\"\"><\/div><\/form><\/div>  <!-- .wpforms-container -->\n","protected":false},"excerpt":{"rendered":"","protected":false},"author":1,"featured_media":0,"parent":0,"menu_order":0,"comment_status":"closed","ping_status":"closed","template":"","meta":{"_acf_changed":false,"inline_featured_image":false,"footnotes":""},"class_list":["post-1039","page","type-page","status-publish","hentry"],"acf":[],"_links":{"self":[{"href":"https:\/\/jm-valu.fi\/en\/wp-json\/wp\/v2\/pages\/1039","targetHints":{"allow":["GET"]}}],"collection":[{"href":"https:\/\/jm-valu.fi\/en\/wp-json\/wp\/v2\/pages"}],"about":[{"href":"https:\/\/jm-valu.fi\/en\/wp-json\/wp\/v2\/types\/page"}],"author":[{"embeddable":true,"href":"https:\/\/jm-valu.fi\/en\/wp-json\/wp\/v2\/users\/1"}],"replies":[{"embeddable":true,"href":"https:\/\/jm-valu.fi\/en\/wp-json\/wp\/v2\/comments?post=1039"}],"version-history":[{"count":2,"href":"https:\/\/jm-valu.fi\/en\/wp-json\/wp\/v2\/pages\/1039\/revisions"}],"predecessor-version":[{"id":1846,"href":"https:\/\/jm-valu.fi\/en\/wp-json\/wp\/v2\/pages\/1039\/revisions\/1846"}],"wp:attachment":[{"href":"https:\/\/jm-valu.fi\/en\/wp-json\/wp\/v2\/media?parent=1039"}],"curies":[{"name":"wp","href":"https:\/\/api.w.org\/{rel}","templated":true}]}}