{"id":1004,"date":"2023-05-31T19:30:32","date_gmt":"2023-05-31T19:30:32","guid":{"rendered":"https:\/\/jm-valu.fi\/?page_id=1004"},"modified":"2024-02-23T10:03:48","modified_gmt":"2024-02-23T10:03:48","slug":"haku","status":"publish","type":"page","link":"https:\/\/jm-valu.fi\/en\/search\/","title":{"rendered":"Search"},"content":{"rendered":"<div data-elementor-type=\"wp-page\" data-elementor-id=\"1004\" class=\"elementor elementor-1004\" data-elementor-post-type=\"page\">\n\t\t\t\t\t\t<section class=\"elementor-section elementor-top-section elementor-element elementor-element-e78d74a elementor-section-height-min-height elementor-section-stretched elementor-section-boxed elementor-section-height-default elementor-section-items-middle\" data-id=\"e78d74a\" data-element_type=\"section\" data-e-type=\"section\" data-settings=\"{&quot;stretch_section&quot;:&quot;section-stretched&quot;,&quot;background_background&quot;:&quot;classic&quot;}\">\n\t\t\t\t\t\t\t<div class=\"elementor-background-overlay\"><\/div>\n\t\t\t\t\t\t\t<div class=\"elementor-container elementor-column-gap-default\">\n\t\t\t\t\t<div class=\"elementor-column elementor-col-100 elementor-top-column elementor-element elementor-element-f1343bb\" data-id=\"f1343bb\" data-element_type=\"column\" data-e-type=\"column\">\n\t\t\t<div class=\"elementor-widget-wrap elementor-element-populated\">\n\t\t\t\t\t\t<div class=\"elementor-element elementor-element-8ba2ab3 elementor-widget elementor-widget-heading\" data-id=\"8ba2ab3\" data-element_type=\"widget\" data-e-type=\"widget\" data-widget_type=\"heading.default\">\n\t\t\t\t<div class=\"elementor-widget-container\">\n\t\t\t\t\t<h2 class=\"elementor-heading-title elementor-size-default\">Search<\/h2>\t\t\t\t<\/div>\n\t\t\t\t<\/div>\n\t\t\t\t\t<\/div>\n\t\t<\/div>\n\t\t\t\t\t<\/div>\n\t\t<\/section>\n\t\t\t\t<section class=\"elementor-section elementor-top-section elementor-element elementor-element-c5c3ebd elementor-section-boxed elementor-section-height-default elementor-section-height-default\" data-id=\"c5c3ebd\" data-element_type=\"section\" data-e-type=\"section\">\n\t\t\t\t\t\t<div class=\"elementor-container elementor-column-gap-default\">\n\t\t\t\t\t<div class=\"elementor-column elementor-col-100 elementor-top-column elementor-element elementor-element-5593ec6\" data-id=\"5593ec6\" data-element_type=\"column\" data-e-type=\"column\">\n\t\t\t<div class=\"elementor-widget-wrap elementor-element-populated\">\n\t\t\t\t\t\t<div class=\"elementor-element elementor-element-82a7622 elementor-widget elementor-widget-heading\" data-id=\"82a7622\" data-element_type=\"widget\" data-e-type=\"widget\" data-widget_type=\"heading.default\">\n\t\t\t\t<div class=\"elementor-widget-container\">\n\t\t\t\t\t<h3 class=\"elementor-heading-title elementor-size-default\">Search<\/h3>\t\t\t\t<\/div>\n\t\t\t\t<\/div>\n\t\t\t\t<div class=\"elementor-element elementor-element-5b68df1 elementor-widget elementor-widget-text-editor\" data-id=\"5b68df1\" data-element_type=\"widget\" data-e-type=\"widget\" data-widget_type=\"text-editor.default\">\n\t\t\t\t<div class=\"elementor-widget-container\">\n\t\t\t\t\t\t\t\t\t<p>On this page you can search for our products.<\/p><p>If you want, use the filter menu, and you can limit the category used for the search.<\/p><p>Lorem ipsum Lorem ipsum Lorem ipsum Lorem ipsum Lorem ipsum Lorem ipsum<\/p><p>\u00a0<\/p><p>\u00a0<\/p>\t\t\t\t\t\t\t\t<\/div>\n\t\t\t\t<\/div>\n\t\t\t\t<div class=\"elementor-element elementor-element-f54f51c elementor-align-0 elementor-widget elementor-widget-shopengine-advanced-search\" data-id=\"f54f51c\" data-element_type=\"widget\" data-e-type=\"widget\" data-settings=\"{&quot;shopengine_advanced_search_title_all&quot;:&quot;All Categories&quot;,&quot;shopengine_advanced_search_disable_category_btn&quot;:&quot;block&quot;,&quot;shopengine_advanced_search_disable_category_btn_tablet&quot;:&quot;block&quot;,&quot;shopengine_advanced_search_disable_category_btn_mobile&quot;:&quot;none&quot;}\" data-widget_type=\"shopengine-advanced-search.default\">\n\t\t\t\t<div class=\"elementor-widget-container\">\n\t\t\t\t\t<div class=\"shopengine shopengine-widget\"><\/div>\t\t\t\t<\/div>\n\t\t\t\t<\/div>\n\t\t\t\t\t<\/div>\n\t\t<\/div>\n\t\t\t\t\t<\/div>\n\t\t<\/section>\n\t\t\t\t<\/div>","protected":false},"excerpt":{"rendered":"<p>Haku Haku T\u00e4ll\u00e4 sivulla voit hakea tuotteitamme. K\u00e4yt\u00e4 halutessasi suodatus valikkoa, niin voit rajata hakuun k\u00e4ytett\u00e4v\u00e4\u00e4 kategoriaa. Lorem ipsum Lorem ipsum Lorem ipsum Lorem ipsum Lorem ipsum Lorem ipsum \u00a0 \u00a0 All Categories Sulkuliittimet Jakoliittimet Py\u00f6riv\u00e4t kierteelliset letkuliittimet karalla Mets\u00e4paloliittimet Messinkiset muunnosliittimet\/v\u00e4liliittimet Alumiiniset muunnosliittimet\/v\u00e4liliittimet Messinkiset paloliittimet letkukaralla Alumiiniset paloliittimet letkukaralla Muut tuotteet Messinkiset paloliittimien kannet [&hellip;]<\/p>\n","protected":false},"author":1,"featured_media":0,"parent":0,"menu_order":0,"comment_status":"closed","ping_status":"closed","template":"","meta":{"_acf_changed":false,"inline_featured_image":false,"footnotes":""},"class_list":["post-1004","page","type-page","status-publish","hentry"],"acf":[],"_links":{"self":[{"href":"https:\/\/jm-valu.fi\/en\/wp-json\/wp\/v2\/pages\/1004","targetHints":{"allow":["GET"]}}],"collection":[{"href":"https:\/\/jm-valu.fi\/en\/wp-json\/wp\/v2\/pages"}],"about":[{"href":"https:\/\/jm-valu.fi\/en\/wp-json\/wp\/v2\/types\/page"}],"author":[{"embeddable":true,"href":"https:\/\/jm-valu.fi\/en\/wp-json\/wp\/v2\/users\/1"}],"replies":[{"embeddable":true,"href":"https:\/\/jm-valu.fi\/en\/wp-json\/wp\/v2\/comments?post=1004"}],"version-history":[{"count":16,"href":"https:\/\/jm-valu.fi\/en\/wp-json\/wp\/v2\/pages\/1004\/revisions"}],"predecessor-version":[{"id":2121,"href":"https:\/\/jm-valu.fi\/en\/wp-json\/wp\/v2\/pages\/1004\/revisions\/2121"}],"wp:attachment":[{"href":"https:\/\/jm-valu.fi\/en\/wp-json\/wp\/v2\/media?parent=1004"}],"curies":[{"name":"wp","href":"https:\/\/api.w.org\/{rel}","templated":true}]}}